{"id":3442,"date":"2024-07-17T13:57:10","date_gmt":"2024-07-17T11:57:10","guid":{"rendered":"https:\/\/www.quantumbw.de\/the-laend-of-quantum-technology-home\/quantumbw-colloquium\/"},"modified":"2026-04-13T13:05:14","modified_gmt":"2026-04-13T11:05:14","slug":"quantumbw-colloquium","status":"publish","type":"page","link":"https:\/\/www.quantumbw.de\/en\/the-laend-of-quantum-technology-home\/quantumbw-colloquium\/","title":{"rendered":"Quantum<sup>BW<\/sup> Colloquium"},"content":{"rendered":"<div class=\"wpb-content-wrapper\"><p>[vc_row][vc_column][module_parallax_hero_image module_ratio=\u201cvh-wo-header\u201d position=\u201cmid-left\u201d spacebefore=\u201cspacebefore-none\u201d spaceafter=\u201cspaceafter\u2011m\u201d indentbefore=\u201cindentbefore-none\u201d indentafter=\u201cindentafter-none\u201d bgcolor=\u201d\u201d module_effect=\u201ceffect-media\u201d image=\u201c3435\u201d]<\/p>\n<p class=\"paragraph\"><span class=\"font-color-bright font-size-m font-weight-l\">Exchange format<\/span><\/p>\n<p class=\"paragraph\"><span class=\"font-weight-l font-size-xl font-color-bright\">Quantum<sup>BW<\/sup> Colloquium<\/span><\/p>\n<p>[\/module_parallax_hero_image][\/vc_column][\/vc_row][vc_row css_animation=\u201cfadeInUp\u201d][vc_column][module_free_text spacebefore=\u201cspacebefore-none\u201d spaceafter=\u201cspaceafter\u2011m\u201d indentbefore=\u201cindentbefore-xs\u201d indentafter=\u201cindentafter-xs\u201d bgcolor=\u201d\u201d moduleeffect=\u201ceffect-media\u201d]<\/p>\n<h2 class=\"paragraph\"><span class=\"font-size-m font-weight-l\" style=\"font-size: 35px;\">Exchange format<\/span><\/h2>\n<h1><span class=\"font-size-xl font-weight-l\">Quantum<sup>BW<\/sup> Colloquium<\/span><\/h1>\n<p>[\/module_free_text][\/vc_column][\/vc_row][vc_row css_animation=\u201cfadeInUp\u201d][vc_column][module_free_text spacebefore=\u201cspacebefore-none\u201d spaceafter=\u201cspaceafter\u2011s\u201d indentbefore=\u201cindentbefore-xs\u201d indentafter=\u201cindentafter-xs\u201d bgcolor=\u201d\u201d moduleeffect=\u201ceffect-media\u201d]<span class=\"font-size-m\">The <span class=\"font-weight-l\">Quantum<sup>BW<\/sup> Collo\u00adquium<\/span> on the campus of the Fraunhofer Insti\u00adtute Center Stuttgart aims to promote scien\u00adtific exchange on hardware and algorith\u00admic topics in the field of quantum comput\u00ading as well as quantum sensing topics. National and inter\u00adna\u00adtional researchers present the latest devel\u00adop\u00adments in this research area, promot\u00ading the idea of co-development of quantum solutions.<br class=\"linebreak\"><br class=\"linebreak\"><\/span><\/p>\n<p><span class=\"font-size-m\"><span class=\"font-weight-l\">A regis\u00adtra\u00adtion for the collo\u00adquium is not neces\u00adsary.<\/span> The language of the event is English.<\/span>[\/module_free_text][\/vc_column][\/vc_row][vc_row css_animation=\u201cfadeInUp\u201d][vc_column][module_free_text spacebefore=\u201cspacebefore\u2011m\u201d spaceafter=\u201cspaceafter\u2011m\u201d indentbefore=\u201cindentbefore-xs\u201d indentafter=\u201cindentafter-xs\u201d bgcolor=\u201d\u201d moduleeffect=\u201ceffect-media\u201d]<\/p>\n<h2><span class=\"font-size-l font-weight-l\">Dates<\/span><\/h2>\n<p><span class=\"font-size-m\">In 2026, the Quantum<sup>BW<\/sup> Collo\u00adquium takes place on the follow\u00ading dates<\/span><span class=\"font-size-m\">:<\/span>[\/module_free_text][module_free_text spacebefore=\u201cspacebefore-none\u201d spaceafter=\u201cspaceafter\u2011m\u201d indentbefore=\u201cindentbefore-xs\u201d indentafter=\u201cindentafter-xs\u201d bgcolor=\u201d\u201d moduleeffect=\u201ceffect-media\u201d]<\/p>\n<ul>\n<li><span class=\"font-size-s font-weight-l\">March 19: <\/span><span class=\"font-size-s\"><span class=\"font-size-s\">Dr. Julian Berberich, Univer\u00adsity of Stuttgart: \u201cRobust\u00adness of quantum algorithms\u201d<\/span><\/span><span class=\"font-size-s font-weight-l\"><br class=\"linebreak\"><br class=\"linebreak\"><\/span><\/li>\n<li><span class=\"font-size-s font-weight-l\">May 21<br class=\"linebreak\"><br class=\"linebreak\"><\/span><\/li>\n<li><span class=\"font-size-s font-weight-l\">June 11: <\/span><span class=\"font-size-s\">Dr. Michael Streif, Boehringer Ingel\u00adheim: \u201cScien\u00adtific Challenges to Apply Quantum Comput\u00ading in Drug Design\u201d<\/span><span class=\"font-size-s font-weight-l\"><br class=\"linebreak\"><br class=\"linebreak\"><\/span><\/li>\n<li class=\"paragraph\"><span class=\"font-size-s font-weight-l\">July 30:<\/span> <span class=\"font-size-s\">Prof. Dr. Apara\u00adjita Singha, TU Dresden: \u201c<\/span><span class=\"font-size-s\">NV-magnetometry: challenges and oppor\u00adtu\u00adni\u00adties for quantum sensing experiments\u201d<\/span><span class=\"font-size-s font-weight-l\"><br class=\"linebreak\"><br class=\"linebreak\"><\/span><\/li>\n<li class=\"paragraph\"><span class=\"font-size-s font-weight-l\">October 01<br class=\"linebreak\"><br class=\"linebreak\"><\/span><\/li>\n<li class=\"paragraph\"><span class=\"font-size-s font-weight-l\">October 22<br class=\"linebreak\"><br class=\"linebreak\"><\/span><\/li>\n<li class=\"paragraph\"><span class=\"font-size-s font-weight-l\">Novem\u00adber&nbsp;19<\/span><\/li>\n<\/ul>\n<p>[\/module_free_text][module_accordion inverted_content=\u201cbright\u201d trigger_titel_styling=\u201ctrue\u201d trigger_titel_font_size=\u201cfont-size\u2011m\u201d trigger_titel_font_weight=\u201cfont-weight\u2011l\u201d trigger_titel_font_color=\u201cfont-color-dark\u201d trigger_marker=\u201cangle\u201d trigger_position=\u201cright\u201d spacebefore=\u201cspacebefore-none\u201d spaceafter=\u201cspaceafter\u2011m\u201d indentbefore=\u201cindentbefore-xs\u201d indentafter=\u201cindentafter-xs\u201d bgcolor=\u201cbg-color-accent\u201d module_effect=\u201ceffect-media\u201d trigger_titel=\u201cPast Talks\u201d]<\/p>\n<h3>2025<\/h3>\n<ul>\n<li><span class=\"font-weight-l font-size-s\">March 20, Dr. Lukas Burgholzer (Techni\u00adcal Univer\u00adsity of Munich)&nbsp;<br class=\"linebreak\"><\/span><span class=\"font-size-s\">Design Automa\u00adtion Tools and Software for Quantum Comput\u00ading<br class=\"linebreak\"><\/span><span class=\"font-size-s\"><a href=\"https:\/\/www.youtube.com\/watch?v=LklOkbXO_44\" target=\"_blank\" rel=\"noopener\">Record\u00ading<br class=\"linebreak\"><br class=\"linebreak\"><\/a><\/span><\/li>\n<li class=\"paragraph\"><span class=\"font-weight-l font-size-s\">April 10, Prof. Marko Rancic (Univer\u00adsity of Luxem\u00adbourg)<br class=\"linebreak\"><\/span><span class=\"font-size-s\">Quantum Comput\u00ading in Physics, Chemistry and Optimiza\u00adtion<\/span><span class=\"font-size-s\"><a href=\"https:\/\/www.youtube.com\/watch?v=mSpdT8P1cIs\" target=\"_blank\" rel=\"noopener\"><br class=\"linebreak\">Record\u00ading<br class=\"linebreak\"><\/a><br>\n<\/span><\/li>\n<li><span class=\"font-weight-l font-size-s\">May 08, Dr. Michael Marthaler (HQS Quantum<\/span> <span class=\"font-size-s\"><span class=\"font-weight-l\">Simula\u00adtions)<\/span><br class=\"linebreak\"><\/span><span class=\"font-size-s\">Quantum Comput\u00ading Use Cases: Optimiza\u00adtion and Nuclear Magnetic Resonance<\/span><span class=\"font-size-s\"><a href=\"https:\/\/www.youtube.com\/watch?v=LX3T_rtuMAU\" target=\"_blank\" rel=\"noopener\"><br class=\"linebreak\">Record\u00ading<br class=\"linebreak\"><br class=\"linebreak\"><\/a><\/span><\/li>\n<li><span class=\"font-weight-l font-size-s\">July 10, Prof. Achim Kempf (Univer\u00adsity of Water\u00adloo) <br class=\"linebreak\"><\/span><span class=\"font-size-s\">The dynam\u00adics of entan\u00adgle\u00adment in adiabatic quantum comput\u00ading<\/span><span class=\"font-weight-l font-size-s\"><br class=\"linebreak\"><\/span><a href=\"https:\/\/www.youtube.com\/watch?v=4y9PmeZsWds\" target=\"_blank\" rel=\"noopener\"><span class=\"font-size-s\">Record\u00ading<\/span><\/a><span class=\"font-size-s\"><a href=\"https:\/\/www.youtube.com\/watch?v=LX3T_rtuMAU\" target=\"_blank\" rel=\"noopener\"><br class=\"linebreak\"><br class=\"linebreak\"><\/a><\/span><\/li>\n<li><span class=\"font-weight-l font-size-s\">Septem\u00adber 25, Prof. Sevag Gharib\u00adian (Univer\u00adsity of Pader\u00adborn)<br class=\"linebreak\"><\/span><span class=\"font-size-s\">Dequan\u00adtiz\u00ading the Quantum Singu\u00adlar Value Trans\u00adfor\u00adma\u00adtion: Hardness and Appli\u00adca\u00adtions to Quantum Chemistry and the Quantum PCP Conjec\u00adture<\/span><span class=\"font-weight-l font-size-s\"><br class=\"linebreak\"><\/span><a href=\"https:\/\/www.youtube.com\/watch?v=eGg-4DdjOQo\" target=\"_blank\" rel=\"noopener\"><span class=\"font-size-s\">Record\u00ading<br class=\"linebreak\"><br class=\"linebreak\"><\/span><\/a><\/li>\n<li><span class=\"font-weight-l font-size-s\">October 16, Dr. Vadim Vorobyov (Univer\u00adsity of Stuttgart)<br class=\"linebreak\"><\/span><span class=\"font-size-s\">Quantum Sensing\u2014At the Limit of Measure\u00adments<\/span><br class=\"linebreak\"><a href=\"https:\/\/www.youtube.com\/watch?v=fxn91TtU_Cs\" target=\"_blank\" rel=\"noopener\"><span class=\"font-size-s\">Record\u00ading<br class=\"linebreak\"><\/span><\/a><\/li>\n<\/ul>\n<h3>2024<\/h3>\n<ul>\n<li class=\"paragraph\"><span class=\"font-weight-l font-size-s\">April 18, Prof. Tilman Pfau (Univer\u00adsity of Stuttgart)<br class=\"linebreak\"><\/span><span class=\"font-size-s\">Quantum comput\u00ading with trapped neutral atoms \u2014 made in Stuttgart<\/span><span class=\"font-size-s\"><a href=\"https:\/\/www.youtube.com\/watch?v=sZJdNN9Fs8A\" target=\"_blank\" rel=\"noopener\"><br class=\"linebreak\">Record\u00ading<br class=\"linebreak\"><br class=\"linebreak\"><\/a><\/span><\/li>\n<li class=\"paragraph\"><span class=\"font-weight-l font-size-s\">May 2, Dr. Michele Grossi (CERN)<br class=\"linebreak\"><\/span><span class=\"font-size-s\">Varia\u00adtional quantum algorithms: train\u00ading and expres\u00adsiv\u00adity consid\u00ader\u00ada\u00adtions from CERN<br class=\"linebreak\"><\/span><span class=\"font-size-s\"><a href=\"https:\/\/www.youtube.com\/watch?v=-rEfl2UlAiQ&amp;t=1s\" target=\"_blank\" rel=\"noopener\">Record\u00ading<br class=\"linebreak\"><br class=\"linebreak\"><\/a><\/span><\/li>\n<li class=\"paragraph\"><span class=\"font-weight-l font-size-s\">June 27, Dr. Christa Zoufal (IBM Quantum)<br class=\"linebreak\"><\/span><span class=\"font-size-s\">The poten\u00adtials and bottle\u00adnecks of state-of-the-art quantum machine learn\u00ading algorithms<br class=\"linebreak\"><\/span><span class=\"font-size-s\"><a href=\"https:\/\/www.youtube.com\/watch?v=fY9GP5ZNVGM\" target=\"_blank\" rel=\"noopener\">Record\u00ading<br class=\"linebreak\"><br class=\"linebreak\"><\/a><\/span><\/li>\n<li class=\"paragraph\"><span class=\"font-weight-l font-size-s\">July 12, Prof. Zo\u00eb Holmes (EPFL)<br class=\"linebreak\"><\/span><span class=\"font-size-s\">Does provable absence of barren plateaus imply classi\u00adcal simula\u00adbil\u00adity?<br class=\"linebreak\"><\/span><span class=\"font-size-s\"><a href=\"https:\/\/www.youtube.com\/watch?v=EKRzj2WOyu8\" target=\"_blank\" rel=\"noopener\">Record\u00ading<br class=\"linebreak\"><br class=\"linebreak\"><\/a><\/span><\/li>\n<li class=\"paragraph\"><span class=\"font-weight-l font-size-s\">July 25, Prof. Jens Eisert (FU Berlin)<br class=\"linebreak\"><\/span><span class=\"font-size-s\">Do quantum comput\u00aders have appli\u00adca\u00adtions in optimiza\u00adtion and machine learning?<br class=\"linebreak\"><br class=\"linebreak\"><\/span><\/li>\n<li class=\"paragraph\"><span class=\"font-weight-l font-size-s\">Septem\u00adber 12, Dr. Chris\u00adt\u00adian Marciniak (Univer\u00adsity of Innsbruck)<br class=\"linebreak\"><\/span><span class=\"font-size-s\">Quantum infor\u00adma\u00adtion process\u00ading with trapped ions \u2013 state of the art, perspec\u00adtives, and recent appli\u00adca\u00adtions<br class=\"linebreak\"><\/span><span class=\"font-size-s\"><a href=\"https:\/\/www.youtube.com\/watch?v=ZVm_hOMCNHQ\" target=\"_blank\" rel=\"noopener\">Record\u00ading<br class=\"linebreak\"><br class=\"linebreak\"><\/a><\/span><\/li>\n<li class=\"paragraph\"><span class=\"font-weight-l font-size-s\">Septem\u00adber 26, Dr. Werner Dobrautz (Chalmers Univer\u00adsity of Technol\u00adogy Gothen\u00adburg)<br class=\"linebreak\"><\/span><span class=\"font-size-s\">Quantum Chemistry<br class=\"linebreak\"><\/span><span class=\"font-size-s\"><a href=\"https:\/\/www.youtube.com\/watch?v=a7MsNx1GmcE\" target=\"_blank\" rel=\"noopener\">Record\u00ading<br class=\"linebreak\"><br class=\"linebreak\"><\/a><\/span><\/li>\n<li class=\"paragraph\"><span class=\"font-weight-l font-size-s\">October 17, Prof. Dr. Joris van Slageren (Univer\u00adsity of Stuttgart)<br class=\"linebreak\"><\/span><span class=\"font-size-s\">Molecules for quantum technolo\u00adgies<br class=\"linebreak\"><\/span><span class=\"font-size-s\"><a href=\"https:\/\/www.youtube.com\/live\/r4WHN1OjUOw\" target=\"_blank\" rel=\"noopener\">Record\u00ading<br class=\"linebreak\"><br class=\"linebreak\"><\/a><\/span><\/li>\n<li class=\"paragraph\"><span class=\"font-weight-l font-size-s\">Novem\u00adber 7, Prof. Markus M\u00fcller (RWTH Aachen\/FZ J\u00fclich)<br class=\"linebreak\"><\/span><span class=\"font-size-s\">The dawn of quantum fault-tolerance<br class=\"linebreak\"><\/span><span class=\"font-size-s\"><a href=\"https:\/\/www.youtube.com\/watch?v=zxZtwsKibjc\" target=\"_blank\" rel=\"noopener\">Record\u00ading<br class=\"linebreak\"><br class=\"linebreak\"><\/a><\/span><\/li>\n<li class=\"paragraph\"><span class=\"font-weight-l font-size-s\">Novem\u00adber 21, Prof. Ioan Pop (KIT\/University of Stuttgart)<br class=\"linebreak\"><\/span><span class=\"font-size-s\">Mesoscopic physics challenges (in) super\u00adcon\u00adduct\u00ading quantum devices<br class=\"linebreak\"><\/span><span class=\"font-size-s\"><a href=\"https:\/\/www.youtube.com\/watch?v=yWSV4Bj9gbI\" target=\"_blank\" rel=\"noopener\">Record\u00ading<br class=\"linebreak\"><br class=\"linebreak\"><\/a><\/span><\/li>\n<li><span class=\"font-size-s font-weight-l\">Decem\u00adber 5, Prof. Dr. Barbara Kraus (Techni\u00adcal Univer\u00adsity of Munich)<br class=\"linebreak\"><\/span><span class=\"font-size-s\">Is your quantum computer working?<br class=\"linebreak\"><br class=\"linebreak\"><\/span><\/li>\n<li class=\"paragraph\"><span class=\"font-weight-l font-size-s\">Decem\u00adber 19, Prof. Dr. Enrique Solano (Kipu Quantum)<br class=\"linebreak\"><\/span><span class=\"font-size-s\">Useful quantum comput\u00ading in the NISQ Era<br class=\"linebreak\"><\/span><span class=\"font-size-s\"><a href=\"https:\/\/www.youtube.com\/watch?v=B_yxtLONp9g\" target=\"_blank\" rel=\"noopener\">Record\u00ading<\/a><\/span><\/li>\n<\/ul>\n<p>[\/module_accordion][module_freetext_image column_order=\u201ctext-left\u201d space_between_cols=\u201cm\u201d image_width=\u201cm\u201d image_tint=\u201d\u201d spacebefore=\u201cspacebefore-none\u201d spaceafter=\u201cspaceafter\u2011m\u201d indentbefore=\u201cindentbefore-xs\u201d indentafter=\u201cindentafter-xs\u201d bgcolor=\u201d\u201d module_effect=\u201ceffect-media\u201d image=\u201c3421\u201d]<\/p>\n<p class=\"paragraph\"><span class=\"font-size-m font-weight-l\">Event location (hybrid):<\/span><br>\n<span class=\"font-size-m\">IAT Univer\u00adsit\u00e4t Stuttgart<br class=\"linebreak\">Allman\u00addring 35, Room 0.201<br class=\"linebreak\"><\/span><span class=\"font-size-m\">70569 Stuttgart<br class=\"linebreak\">Germany<\/span><span class=\"font-size-m\"><br class=\"linebreak\"><a href=\"https:\/\/www.youtube.com\/@QuantumBW\/streams\">Livestream<\/a><br>\n<br class=\"linebreak\"><\/span><span class=\"font-size-m font-weight-l\">Event time:<br>\n<\/span><span class=\"font-size-m\">10<\/span><span class=\"font-size-m\">\u2013<\/span><span class=\"font-size-m\">11a.m.<\/span>[\/module_freetext_image][\/vc_column][\/vc_row][vc_row css_animation=\u201cfadeInUp\u201d][vc_column][module_free_text spacebefore=\u201cspacebefore\u2011m\u201d spaceafter=\u201cspaceafter\u2011s\u201d indentbefore=\u201cindentbefore-xs\u201d indentafter=\u201cindentafter-xs\u201d bgcolor=\u201d\u201d moduleeffect=\u201ceffect-media\u201d]<\/p>\n<h2><span class=\"font-size-l font-weight-l\">Target group and funding<\/span><\/h2>\n<p class=\"paragraph\"><span class=\"font-size-m\">The Quantum<sup>BW<\/sup> Collo\u00adquium addresses compa\u00adnies and research insti\u00adtu\u00adtions in the acade\u00admic and non-academic sector that are inter\u00adested in the poten\u00adtial of quantum computing.<\/span><\/p>\n<p class=\"paragraph\"><span class=\"font-size-m\">The Collo\u00adquium is funded by the <a href=\"https:\/\/mwk.baden-wuerttemberg.de\/en\/home\" target=\"_blank\" rel=\"noopener\">Ministry of Science, Research and the Arts Baden-W\u00fcrttemberg<\/a> and the <a href=\"https:\/\/wm.baden-wuerttemberg.de\/de\/startseite\" target=\"_blank\" rel=\"noopener\">Ministry of Econom\u00adics, Labor and Tourism Baden-W\u00fcrttemberg<\/a>. <\/span><\/p>\n<p>[\/module_free_text][\/vc_column][\/vc_row][vc_row css_animation=\u201cnone\u201d][vc_column][module_free_text spacebefore=\u201cspacebefore\u2011m\u201d spaceafter=\u201cspaceafter\u2011m\u201d indentbefore=\u201cindentbefore-xs\u201d indentafter=\u201cindentafter-xs\u201d bgcolor=\u201d\u201d moduleeffect=\u201ceffect-media\u201d]<\/p>\n<h2><span class=\"font-size-l font-weight-l\">Further infor\u00adma\u00adtion<\/span><\/h2>\n<p>[\/module_free_text][\/vc_column][\/vc_row][vc_row css_animation=\u201cnone\u201d][vc_column]<\/p><section class=\"module module-teaser-swiper effect-media \">    <div class=\"module__outer\" id>        <div class=\"module__outer__inner spacebefore-none spaceafter-m indentbefore-xs indentafter-xs\">            <div class=\"module-slidex default \" data-opt-loop=\"true\" data-opt-autoplay data-opt-freemode data-opt-navigation data-opt-pagination data-opt-origin data-opt-perview=\"3\" data-opt-duration data-opt-rendermode=\"precision\" data-opt-breakpointsm=\"{&quot;slides&quot;:{&quot;perView&quot;: 1.25, &quot;spacing&quot;: 40}}\" data-opt-breakpointmd=\"{&quot;slides&quot;:{&quot;perView&quot;: 2.25, &quot;spacing&quot;: 40}}\" data-opt-breakpointlg=\"{&quot;slides&quot;:{&quot;perView&quot;: 3, &quot;spacing&quot;: 40}}\">                <div class=\"keen-slider\"><div class=\"slidex__slide\">    <div class=\"teaser-box below\">        <a class=\"teaser-box__link\" href=\"https:\/\/www.quantumbw.de\/en\/the-laend-of-quantum-technology-home\/events\/\" target=\"_blank\" role=\"link\" aria-label=\"More about Quantum<sup>BW<\/sup> events\"><div class=\"teaser-box__link__media\"><img loading=\"lazy\" decoding=\"async\" width=\"1920\" height=\"1280\" src=\"https:\/\/www.quantumbw.de\/wp-content\/uploads\/2024\/06\/KCQBW_DevCon_Gruppenarbeit.jpg\" class=\"teaser-box__link__media__image\" alt=\"Am Fraunhofer IAF fand die Developer Conference des Kompetenzzentrum Quantencomputing Baden-W\u00fcrttemberg statt.\" srcset=\"https:\/\/www.quantumbw.de\/wp-content\/uploads\/2024\/06\/KCQBW_DevCon_Gruppenarbeit.jpg 1920w, https:\/\/www.quantumbw.de\/wp-content\/uploads\/2024\/06\/KCQBW_DevCon_Gruppenarbeit-640x427.jpg 640w, https:\/\/www.quantumbw.de\/wp-content\/uploads\/2024\/06\/KCQBW_DevCon_Gruppenarbeit-1024x683.jpg 1024w, https:\/\/www.quantumbw.de\/wp-content\/uploads\/2024\/06\/KCQBW_DevCon_Gruppenarbeit-768x512.jpg 768w, https:\/\/www.quantumbw.de\/wp-content\/uploads\/2024\/06\/KCQBW_DevCon_Gruppenarbeit-1536x1024.jpg 1536w, https:\/\/www.quantumbw.de\/wp-content\/uploads\/2024\/06\/KCQBW_DevCon_Gruppenarbeit-1400x933.jpg 1400w\" sizes=\"auto, (max-width: 1920px) 100vw, 1920px\">                <figcaption class=\"media__caption white\">\u00a9 Fraunhofer IAF<\/figcaption>            <\/div>            <div class=\"teaser-box__link__details\">                <h3 class=\"teaser-box__link__details__headline font-size-m font-weight-l font-color-dark \">Quantum<sup>BW<\/sup> events<\/h3>            <\/div>        <\/a>    <\/div><\/div><div class=\"slidex__slide\">    <div class=\"teaser-box below\">        <a class=\"teaser-box__link\" href=\"https:\/\/www.quantumbw.de\/en\/the-laend-of-quantum-technology-home\/iqst-graduate-school-quantumbw\/\" target=\"_blank\" role=\"link\" aria-label=\"More about Graduate School @Quantum<sup>BW<\/sup>\"><div class=\"teaser-box__link__media\"><img loading=\"lazy\" decoding=\"async\" width=\"1024\" height=\"658\" src=\"https:\/\/www.quantumbw.de\/wp-content\/uploads\/2024\/05\/Interview-Koenig-in-action.jpg\" class=\"teaser-box__link__media__image\" alt=\"athrin K\u00f6nig nutzt das Programm Qiskit f\u00fcr ihre Arbeit an Quantencomputern von IBM.\" srcset=\"https:\/\/www.quantumbw.de\/wp-content\/uploads\/2024\/05\/Interview-Koenig-in-action.jpg 1024w, https:\/\/www.quantumbw.de\/wp-content\/uploads\/2024\/05\/Interview-Koenig-in-action-640x411.jpg 640w, https:\/\/www.quantumbw.de\/wp-content\/uploads\/2024\/05\/Interview-Koenig-in-action-768x494.jpg 768w\" sizes=\"auto, (max-width: 1024px) 100vw, 1024px\">                <figcaption class=\"media__caption white\">\u00a9 Fraunhofer IAF<\/figcaption>            <\/div>            <div class=\"teaser-box__link__details\">                <h3 class=\"teaser-box__link__details__headline font-size-m font-weight-l font-color-dark \">Gradu\u00adate School @Quantum<sup>BW<\/sup><\/h3>            <\/div>        <\/a>    <\/div><\/div><div class=\"slidex__slide\">    <div class=\"teaser-box below\">        <a class=\"teaser-box__link\" href=\"https:\/\/www.thelaend.de\/en\/wall-of-opportunities\/\" target=\"_blank\" role=\"link\" aria-label=\"More about The L\u00c4ND Wall of Opportunities\"><div class=\"teaser-box__link__media\"><img loading=\"lazy\" decoding=\"async\" width=\"1536\" height=\"1024\" src=\"https:\/\/www.quantumbw.de\/wp-content\/uploads\/2024\/09\/laend_tm-store_3zu2_1920x1280_live-stage.jpg\" class=\"teaser-box__link__media__image\" alt=\"Junger Mann springt kopf\u00fcber in ein Gew\u00e4sser und wird dabei von zwei jungen t\u00e4towirten Frauen auf einem Schlauchboot beobachtet.\" srcset=\"https:\/\/www.quantumbw.de\/wp-content\/uploads\/2024\/09\/laend_tm-store_3zu2_1920x1280_live-stage.jpg 1536w, https:\/\/www.quantumbw.de\/wp-content\/uploads\/2024\/09\/laend_tm-store_3zu2_1920x1280_live-stage-640x427.jpg 640w, https:\/\/www.quantumbw.de\/wp-content\/uploads\/2024\/09\/laend_tm-store_3zu2_1920x1280_live-stage-1024x683.jpg 1024w, https:\/\/www.quantumbw.de\/wp-content\/uploads\/2024\/09\/laend_tm-store_3zu2_1920x1280_live-stage-768x512.jpg 768w, https:\/\/www.quantumbw.de\/wp-content\/uploads\/2024\/09\/laend_tm-store_3zu2_1920x1280_live-stage-1400x933.jpg 1400w\" sizes=\"auto, (max-width: 1536px) 100vw, 1536px\">                <figcaption class=\"media__caption white\">\u00a9 The&nbsp;L\u00c4ND<\/figcaption>            <\/div>            <div class=\"teaser-box__link__details\">                <h3 class=\"teaser-box__link__details__headline font-size-m font-weight-l font-color-dark \">The L\u00c4ND Wall of Opportunities<\/h3>            <\/div>        <\/a>    <\/div><\/div>                <\/div>            <\/div>        <\/div>    <\/div><\/section>[\/vc_column][\/vc_row]\n<\/div>","protected":false},"excerpt":{"rendered":"[vc_row][vc_column][module_parallax_hero_image module_ratio=\u201cvh-wo-header\u201d position=\u201cmid-left\u201d spacebefore=\u201cspacebefore-none\u201d spaceafter=\u201cspaceafter\u2011m\u201d indentbefore=\u201cindentbefore-none\u201d indentafter=\u201cindentafter-none\u201d bgcolor=\u201d\u201d module_effect=\u201ceffect-media\u201d image=\u201c3435\u201d] Exchange format QuantumBW Collo\u00adquium [\/module_parallax_hero_image][\/vc_column][\/vc_row][vc_row css_animation=\u201cfadeInUp\u201d][vc_column][module_free_text spacebefore=\u201cspacebefore-none\u201d spaceafter=\u201cspaceafter\u2011m\u201d indentbefore=\u201cindentbefore-xs\u201d indentafter=\u201cindentafter-xs\u201d bgcolor=\u201d\u201d moduleeffect=\u201ceffect-media\u201d] Exchange format QuantumBW Collo\u00adquium [\/module_free_text][\/vc_column][\/vc_row][vc_row css_animation=\u201cfadeInUp\u201d][vc_column][module_free_text spacebefore=\u201cspacebefore-none\u201d spaceafter=\u201cspaceafter\u2011s\u201d indentbefore=\u201cindentbefore-xs\u201d indentafter=\u201cindentafter-xs\u201d bgcolor=\u201d\u201d moduleeffect=\u201ceffect-media\u201d]The QuantumBW Collo\u00adquium on the campus of the Fraunhofer Insti\u00adtute Center Stuttgart aims to promote scien\u00adtific exchange on hardware and algorith\u00admic topics&nbsp;[\u2026]","protected":false},"author":12,"featured_media":3436,"parent":2674,"menu_order":0,"comment_status":"closed","ping_status":"closed","template":"","meta":{"_acf_changed":false,"inline_featured_image":false,"wp_typography_post_enhancements_disabled":false,"footnotes":""},"class_list":["post-3442","page","type-page","status-publish","has-post-thumbnail","hentry"],"acf":[],"_links":{"self":[{"href":"https:\/\/www.quantumbw.de\/en\/wp-json\/wp\/v2\/pages\/3442","targetHints":{"allow":["GET"]}}],"collection":[{"href":"https:\/\/www.quantumbw.de\/en\/wp-json\/wp\/v2\/pages"}],"about":[{"href":"https:\/\/www.quantumbw.de\/en\/wp-json\/wp\/v2\/types\/page"}],"author":[{"embeddable":true,"href":"https:\/\/www.quantumbw.de\/en\/wp-json\/wp\/v2\/users\/12"}],"replies":[{"embeddable":true,"href":"https:\/\/www.quantumbw.de\/en\/wp-json\/wp\/v2\/comments?post=3442"}],"version-history":[{"count":41,"href":"https:\/\/www.quantumbw.de\/en\/wp-json\/wp\/v2\/pages\/3442\/revisions"}],"predecessor-version":[{"id":5825,"href":"https:\/\/www.quantumbw.de\/en\/wp-json\/wp\/v2\/pages\/3442\/revisions\/5825"}],"up":[{"embeddable":true,"href":"https:\/\/www.quantumbw.de\/en\/wp-json\/wp\/v2\/pages\/2674"}],"wp:featuredmedia":[{"embeddable":true,"href":"https:\/\/www.quantumbw.de\/en\/wp-json\/wp\/v2\/media\/3436"}],"wp:attachment":[{"href":"https:\/\/www.quantumbw.de\/en\/wp-json\/wp\/v2\/media?parent=3442"}],"curies":[{"name":"wp","href":"https:\/\/api.w.org\/{rel}","templated":true}]}}