{"id":3315,"date":"2024-07-10T16:57:40","date_gmt":"2024-07-10T14:57:40","guid":{"rendered":"https:\/\/www.quantumbw.de\/the-laend-of-quantum-technology-home\/iqst-graduiertenschule-quantumbw\/"},"modified":"2026-04-20T09:14:59","modified_gmt":"2026-04-20T07:14:59","slug":"iqst-graduate-school-quantumbw","status":"publish","type":"page","link":"https:\/\/www.quantumbw.de\/en\/the-laend-of-quantum-technology-home\/iqst-graduate-school-quantumbw\/","title":{"rendered":"IQST Gradu\u00adate School @Quantum<sup>BW<\/sup>"},"content":{"rendered":"<div class=\"wpb-content-wrapper\"><p>[vc_row][vc_column][module_parallax_hero_image module_ratio=\u201cvh-wo-header\u201d position=\u201cbottom-left\u201d spacebefore=\u201cspacebefore-none\u201d spaceafter=\u201cspaceafter\u2011m\u201d indentbefore=\u201cindentbefore-none\u201d indentafter=\u201cindentafter-none\u201d bgcolor=\u201d\u201d module_effect=\u201ceffect-media\u201d image=\u201c2157\u201d]<\/p>\n<p class=\"paragraph\"><span class=\"font-color-bright font-size-m font-weight-l\">Support\u00ading PhD projects between basic research and application<\/span><\/p>\n<p class=\"paragraph\"><span class=\"font-weight-l font-size-xl font-color-bright\">IQST Gradu\u00adate School @Quantum<sup>BW<\/sup><\/span><\/p>\n<p>[\/module_parallax_hero_image][\/vc_column][\/vc_row][vc_row css_animation=\u201cfadeInUp\u201d][vc_column][module_free_text spacebefore=\u201cspacebefore-none\u201d spaceafter=\u201cspaceafter\u2011m\u201d indentbefore=\u201cindentbefore-xs\u201d indentafter=\u201cindentafter-xs\u201d bgcolor=\u201d\u201d moduleeffect=\u201ceffect-media\u201d]<\/p>\n<h2 class=\"paragraph\"><span class=\"font-size-m font-weight-l\" style=\"font-size: 35px;\">Support\u00ading PhD projects between basic research and application<\/span><\/h2>\n<h1><span class=\"font-size-xl font-weight-l\">IQST Gradu\u00adate School @Quantum<sup>BW<\/sup><\/span><\/h1>\n<p>[\/module_free_text][\/vc_column][\/vc_row][vc_row css_animation=\u201cfadeInUp\u201d][vc_column][module_free_text spacebefore=\u201cspacebefore-none\u201d spaceafter=\u201cspaceafter\u2011s\u201d indentbefore=\u201cindentbefore-xs\u201d indentafter=\u201cindentafter-xs\u201d bgcolor=\u201d\u201d moduleeffect=\u201ceffect-media\u201d]<span class=\"font-size-m\">As part of the Quantum<sup>BW<\/sup> innova\u00adtion initia\u00adtive, the Center for Integrated Quantum Science and Technol\u00adogy (IQST) is offer\u00ading a Gradu\u00adate School for doctoral students in the field of quantum technolo\u00adgies from October 2024.&nbsp;<\/span><\/p>\n<p><span class=\"font-size-m\">The Gradu\u00adate School is funded by the <a href=\"https:\/\/www.quantumbw.de\/en\/news-en\/iqst-graduate-school-quantumbw-starts\/\" target=\"_blank\" rel=\"noopener\">Baden-W\u00fcrttemberg Ministry of Science, Research and the Arts<\/a>.<\/span>[\/module_free_text][\/vc_column][\/vc_row][vc_row css_animation=\u201cfadeInUp\u201d][vc_column][module_parallax_text_image column_order=\u201ctext-left\u201d space_between_cols=\u201cm\u201d image_width=\u201cxs\u201d spacebefore=\u201cspacebefore-none\u201d spaceafter=\u201cspaceafter\u2011m\u201d indentbefore=\u201cindentbefore-xs\u201d indentafter=\u201cindentafter-xs\u201d bgcolor=\u201d\u201d module_effect=\u201ceffect-media\u201d image=\u201c3170\u201d]<\/p>\n<h2><span class=\"font-size-l font-weight-l\">What makes our Gradu\u00adate School differ\u00adent and unique<\/span><\/h2>\n<p class=\"paragraph\"><span class=\"font-size-m\">The Gradu\u00adate School in Quantum<sup>BW<\/sup> closes the gap between basic research and technol\u00adogy devel\u00adop\u00adment. It promotes doctoral projects with techno\u00adlog\u00adi\u00adcal poten\u00adtial, but which are still at a stage of research.&nbsp;<\/span><\/p>\n<p class=\"paragraph\"><span class=\"font-size-m\">The Gradu\u00adate School extends across Baden-W\u00fcrttemberg to build a network of excel\u00adlent young talent in quantum science and technol\u00adogy \u2014 prepar\u00ading them for a career in science, in the corpo\u00adrate world and to make them bridge builders in between.<\/span><\/p>\n<p><span class=\"font-size-m\">If you have any questions regard\u00ading the Gradu\u00adate School, please contact IQST:<br class=\"linebreak\"><\/span><\/p>\n<p><span class=\"font-weight-l\"><a class=\"button button--solid-black \" href=\"mailto:gradschool-application@iqst.org\" rel=\"noopener\" data-id>Contact IQST<\/a><\/span>[\/module_parallax_text_image][\/vc_column][\/vc_row][vc_row][vc_column][module_accordion inverted_content=\u201cbright\u201d trigger_titel_styling=\u201ctrue\u201d trigger_titel_font_size=\u201cfont-size\u2011l\u201d trigger_titel_font_weight=\u201cfont-weight\u2011l\u201d trigger_titel_font_color=\u201cfont-color-dark\u201d trigger_marker=\u201cangle\u201d trigger_position=\u201cright\u201d spacebefore=\u201cspacebefore-none\u201d spaceafter=\u201cspaceafter\u2011m\u201d indentbefore=\u201cindentbefore-xs\u201d indentafter=\u201cindentafter-xs\u201d bgcolor=\u201cbg-color-gray\u201d module_effect=\u201ceffect-media\u201d trigger_titel=\u201cPhD project structure\u201d]<\/p>\n<p class=\"paragraph\"><span class=\"font-size-s\" style=\"font-size: 35px;\">PhD projects within the Gradu\u00adate School are struc\u00adtured as follows:<\/span><\/p>\n<p><span class=\"font-weight-l font-size-s\">1 PhD project = 1 acade\u00admic partner + 1 indus\u00adtry partner + 1 PhD student<\/span><\/p>\n<p><span class=\"font-size-s\">The follow\u00ading require\u00adments must be observed:<\/span><\/p>\n<ul>\n<li><span class=\"font-size-s\">The acade\u00admic partner is the super\u00advi\u00adsor, a profes\u00adsor at a univer\u00adsity in Baden-W\u00fcrttemberg (BW), and IQST fellow.<\/span><\/li>\n<li><span class=\"font-size-s\">The indus\u00adtry partner, working at a company in BW, takes the role of a mentor for the PhD candi\u00addate, maintains a regular dialogue, intro\u00adduces the company aspects to the project and opens up company-side support.<\/span><\/li>\n<li><span class=\"font-size-s\">The PhD student is employed by a univer\u00adsity or research insti\u00adtute in&nbsp;BW.<\/span><\/li>\n<li><span class=\"font-size-s\">A 3 months intern\u00adship at company is oblig\u00ada\u00adtory \u2013 more is welcome.<\/span><\/li>\n<\/ul>\n<p><span class=\"font-size-s\">We are looking for:<\/span><\/p>\n<ul>\n<li><span class=\"font-size-s\">A research topic of acade\u00admic inter\u00adest with high techno\u00adlog\u00adi\u00adcal potential<\/span><\/li>\n<li><span class=\"font-size-s\">project jointly designed and imple\u00admented by all partners<\/span><\/li>\n<li><span class=\"font-size-s\">commit\u00adment on both sides over entire project and on publi\u00adca\u00adtion of scien\u00adtific results regard\u00ading to terms of the super\u00advis\u00ading university<\/span><\/li>\n<\/ul>\n<p>[\/module_accordion][\/vc_column][\/vc_row][vc_row][vc_column][module_accordion inverted_content=\u201cbright\u201d trigger_titel_styling=\u201ctrue\u201d trigger_titel_font_size=\u201cfont-size\u2011l\u201d trigger_titel_font_weight=\u201cfont-weight\u2011l\u201d trigger_titel_font_color=\u201cfont-color-dark\u201d trigger_marker=\u201cangle\u201d trigger_position=\u201cright\u201d spacebefore=\u201cspacebefore-none\u201d spaceafter=\u201cspaceafter\u2011m\u201d indentbefore=\u201cindentbefore-xs\u201d indentafter=\u201cindentafter-xs\u201d bgcolor=\u201cbg-color-gray\u201d module_effect=\u201ceffect-media\u201d trigger_titel=\u201cFunding guidelines\u201d]<\/p>\n<h3><span class=\"font-weight-l font-size-s\">Funding<\/span><\/h3>\n<p><span class=\"font-size-s\">For <span class=\"font-weight-l\">up to four years<\/span> we&nbsp;grant:<\/span><\/p>\n<ul>\n<li><span class=\"font-size-s\"><span class=\"font-weight-l\">One PhD position<\/span> (accord\u00ading to the DFG rates and usual percent\u00adage of respec\u00adtive discipline)<\/span><\/li>\n<li><span class=\"font-size-s\"><strong>20 T\u20ac for direct costs per&nbsp;year<\/strong><\/span><\/li>\n<\/ul>\n<p><span class=\"font-size-s\">We expect the assign\u00adment of the PhD position <span class=\"font-weight-l\">within six months<\/span> after approval.<\/span><\/p>\n<h3><span class=\"font-weight-l font-size-s\">Requested commit\u00adment by the acade\u00admic partner<\/span><\/h3>\n<ul>\n<li><span class=\"font-size-s\">Super\u00advi\u00adsor is IQST fellow or appli\u00adcant pending<\/span><\/li>\n<li><span class=\"font-size-s\">Active partic\u00adi\u00adpa\u00adtion of super\u00advi\u00adsor and student in IQST events<\/span><\/li>\n<\/ul>\n<h3><span class=\"font-size-s\"><span class=\"font-weight-l\">Requested support from the indus\u00adtry partner<\/span> (depend\u00ading on the respec\u00adtive project)<\/span><\/h3>\n<ul>\n<li><span class=\"font-size-s\">Contin\u00adu\u00adous mentor\u00ading and supervision<\/span><\/li>\n<li><span class=\"font-size-s\">Access to infrastructure\/training programs<\/span><\/li>\n<li><span class=\"font-size-s\">Provi\u00adsion of equip\u00adment and components<\/span><\/li>\n<li><span class=\"font-size-s\">Project-specific partic\u00adi\u00adpa\u00adtion opportunities<\/span><\/li>\n<\/ul>\n<h3><span class=\"font-weight-l font-size-s\">Review crite\u00adria<\/span><\/h3>\n<p><span class=\"font-size-s\">What matters in any&nbsp;case:<\/span><\/p>\n<ul>\n<li><span class=\"font-size-s\">Innov\u00ada\u00adtive and pioneer\u00ading ideas and topics in quantum science and\/or technology<\/span><\/li>\n<li><span class=\"font-size-s\">Scien\u00adtific excellence<\/span><\/li>\n<li><span class=\"font-size-s\">Signif\u00adi\u00adcant benefit for application<\/span><\/li>\n<li><span class=\"font-size-s\">Strate\u00adgic relevance for the quantum ecosys\u00adtem&nbsp;BW<\/span><\/li>\n<li><span class=\"font-size-s\">Inten\u00adsity and added value of collab\u00ado\u00adra\u00adtion between acade\u00admia and industry<\/span><\/li>\n<li><span class=\"font-size-s\">Extend of commitment\/support by indus\u00adtry partner<\/span><\/li>\n<\/ul>\n<p><span class=\"font-size-s\">What\u2019s favourable, but not mandatory:<\/span><\/p>\n<ul>\n<li><span class=\"font-size-s\"><em>New<\/em> collab\u00ado\u00adra\u00adtion between acade\u00admia and industry<\/span><\/li>\n<li><span class=\"font-size-s\">Individual-creative element: an uncon\u00adven\u00adtional idea, something that doesn\u2019t cost much time or money and yet gives the project something special, makes the project partners smile again and again and perhaps makes it known far beyond the participants\u2026<\/span><\/li>\n<\/ul>\n<p>[\/module_accordion][\/vc_column][\/vc_row][vc_row css_animation=\u201cnone\u201d][vc_column][module_free_text spacebefore=\u201cspacebefore\u2011m\u201d spaceafter=\u201cspaceafter\u2011m\u201d indentbefore=\u201cindentbefore-xs\u201d indentafter=\u201cindentafter-xs\u201d bgcolor=\u201d\u201d moduleeffect=\u201ceffect-media\u201d]<\/p>\n<h2><span class=\"font-size-l font-weight-l\">Further infor\u00adma\u00adtion<\/span><\/h2>\n<p>[\/module_free_text][\/vc_column][\/vc_row][vc_row css_animation=\u201cnone\u201d][vc_column]<\/p><section class=\"module module-teaser-swiper effect-media \">    <div class=\"module__outer\" id>        <div class=\"module__outer__inner spacebefore-none spaceafter-m indentbefore-xs indentafter-xs\">            <div class=\"module-slidex default \" data-opt-loop=\"true\" data-opt-autoplay data-opt-freemode data-opt-navigation data-opt-pagination data-opt-origin data-opt-perview=\"3\" data-opt-duration data-opt-rendermode=\"precision\" data-opt-breakpointsm=\"{&quot;slides&quot;:{&quot;perView&quot;: 1.25, &quot;spacing&quot;: 40}}\" data-opt-breakpointmd=\"{&quot;slides&quot;:{&quot;perView&quot;: 2.25, &quot;spacing&quot;: 40}}\" data-opt-breakpointlg=\"{&quot;slides&quot;:{&quot;perView&quot;: 3, &quot;spacing&quot;: 40}}\">                <div class=\"keen-slider\"><div class=\"slidex__slide\">    <div class=\"teaser-box below\">        <a class=\"teaser-box__link\" href=\"https:\/\/www.quantumbw.de\/en\/news-en\/iqst-graduate-school-quantumbw-starts\/\" target=\"_blank\" role=\"link\" aria-label=\"More about Press release on Graduate School start\"><div class=\"teaser-box__link__media\"><img loading=\"lazy\" decoding=\"async\" width=\"1010\" height=\"544\" src=\"https:\/\/www.quantumbw.de\/wp-content\/uploads\/2024\/07\/csm_IQST_JanWill_2ca3bb7e31.jpg\" class=\"teaser-box__link__media__image\" alt=\"Start der IQST-Graduiertenschule @QuantumBW\" srcset=\"https:\/\/www.quantumbw.de\/wp-content\/uploads\/2024\/07\/csm_IQST_JanWill_2ca3bb7e31.jpg 1010w, https:\/\/www.quantumbw.de\/wp-content\/uploads\/2024\/07\/csm_IQST_JanWill_2ca3bb7e31-640x345.jpg 640w, https:\/\/www.quantumbw.de\/wp-content\/uploads\/2024\/07\/csm_IQST_JanWill_2ca3bb7e31-768x414.jpg 768w\" sizes=\"auto, (max-width: 1010px) 100vw, 1010px\">                <figcaption class=\"media__caption white\">\u00a9 Jan Will |&nbsp;IQST<\/figcaption>            <\/div>            <div class=\"teaser-box__link__details\">                <h3 class=\"teaser-box__link__details__headline font-size-m font-weight-l font-color-dark \">Press release on Gradu\u00adate School start<\/h3>            <\/div>        <\/a>    <\/div><\/div><div class=\"slidex__slide\">    <div class=\"teaser-box below\">        <a class=\"teaser-box__link\" href=\"https:\/\/www.iqst.org\/\" target=\"_blank\" role=\"link\" aria-label=\"More about More on IQST\"><div class=\"teaser-box__link__media\"><img loading=\"lazy\" decoding=\"async\" width=\"1024\" height=\"683\" src=\"https:\/\/www.quantumbw.de\/wp-content\/uploads\/2024\/01\/Neubau-Ulm.jpg\" class=\"teaser-box__link__media__image\" alt=\"Zentrum f\u00fcr Quanten- und Biowissenschaften ZQB an der Universit\u00e4t Ulm | \u00a9 Universit\u00e4t Ulm\" srcset=\"https:\/\/www.quantumbw.de\/wp-content\/uploads\/2024\/01\/Neubau-Ulm.jpg 1024w, https:\/\/www.quantumbw.de\/wp-content\/uploads\/2024\/01\/Neubau-Ulm-640x427.jpg 640w, https:\/\/www.quantumbw.de\/wp-content\/uploads\/2024\/01\/Neubau-Ulm-768x512.jpg 768w\" sizes=\"auto, (max-width: 1024px) 100vw, 1024px\">                <figcaption class=\"media__caption white\">\u00a9 Univer\u00adsit\u00e4t&nbsp;Ulm<\/figcaption>            <\/div>            <div class=\"teaser-box__link__details\">                <h3 class=\"teaser-box__link__details__headline font-size-m font-weight-l font-color-dark \">More on&nbsp;IQST<\/h3>            <\/div>        <\/a>    <\/div><\/div><div class=\"slidex__slide\">    <div class=\"teaser-box below\">        <a class=\"teaser-box__link\" href=\"https:\/\/www.thelaend.de\/en\/wall-of-opportunities\/\" target=\"_blank\" role=\"link\" aria-label=\"More about The L\u00c4ND Wall of Opportunities\"><div class=\"teaser-box__link__media\"><img loading=\"lazy\" decoding=\"async\" width=\"1536\" height=\"1024\" src=\"https:\/\/www.quantumbw.de\/wp-content\/uploads\/2024\/09\/laend_tm-store_3zu2_1920x1280_live-stage.jpg\" class=\"teaser-box__link__media__image\" alt=\"Junger Mann springt kopf\u00fcber in ein Gew\u00e4sser und wird dabei von zwei jungen t\u00e4towirten Frauen auf einem Schlauchboot beobachtet.\" srcset=\"https:\/\/www.quantumbw.de\/wp-content\/uploads\/2024\/09\/laend_tm-store_3zu2_1920x1280_live-stage.jpg 1536w, https:\/\/www.quantumbw.de\/wp-content\/uploads\/2024\/09\/laend_tm-store_3zu2_1920x1280_live-stage-640x427.jpg 640w, https:\/\/www.quantumbw.de\/wp-content\/uploads\/2024\/09\/laend_tm-store_3zu2_1920x1280_live-stage-1024x683.jpg 1024w, https:\/\/www.quantumbw.de\/wp-content\/uploads\/2024\/09\/laend_tm-store_3zu2_1920x1280_live-stage-768x512.jpg 768w, https:\/\/www.quantumbw.de\/wp-content\/uploads\/2024\/09\/laend_tm-store_3zu2_1920x1280_live-stage-1400x933.jpg 1400w\" sizes=\"auto, (max-width: 1536px) 100vw, 1536px\">                <figcaption class=\"media__caption white\">\u00a9 The&nbsp;L\u00c4ND<\/figcaption>            <\/div>            <div class=\"teaser-box__link__details\">                <h3 class=\"teaser-box__link__details__headline font-size-m font-weight-l font-color-dark \">The L\u00c4ND Wall of Opportunities<\/h3>            <\/div>        <\/a>    <\/div><\/div>                <\/div>            <\/div>        <\/div>    <\/div><\/section>[\/vc_column][\/vc_row]\n<\/div>","protected":false},"excerpt":{"rendered":"[vc_row][vc_column][module_parallax_hero_image module_ratio=\u201cvh-wo-header\u201d position=\u201cbottom-left\u201d spacebefore=\u201cspacebefore-none\u201d spaceafter=\u201cspaceafter\u2011m\u201d indentbefore=\u201cindentbefore-none\u201d indentafter=\u201cindentafter-none\u201d bgcolor=\u201d\u201d module_effect=\u201ceffect-media\u201d image=\u201c2157\u201d] Support\u00ading PhD projects between basic research and appli\u00adca\u00adtion IQST Gradu\u00adate School @QuantumBW [\/module_parallax_hero_image][\/vc_column][\/vc_row][vc_row css_animation=\u201cfadeInUp\u201d][vc_column][module_free_text spacebefore=\u201cspacebefore-none\u201d spaceafter=\u201cspaceafter\u2011m\u201d indentbefore=\u201cindentbefore-xs\u201d indentafter=\u201cindentafter-xs\u201d bgcolor=\u201d\u201d moduleeffect=\u201ceffect-media\u201d] Support\u00ading PhD projects between basic research and appli\u00adca\u00adtion IQST Gradu\u00adate School @QuantumBW [\/module_free_text][\/vc_column][\/vc_row][vc_row css_animation=\u201cfadeInUp\u201d][vc_column][module_free_text spacebefore=\u201cspacebefore-none\u201d spaceafter=\u201cspaceafter\u2011s\u201d indentbefore=\u201cindentbefore-xs\u201d indentafter=\u201cindentafter-xs\u201d bgcolor=\u201d\u201d moduleeffect=\u201ceffect-media\u201d]As part of the QuantumBW innovation&nbsp;[\u2026]","protected":false},"author":8,"featured_media":2157,"parent":2674,"menu_order":0,"comment_status":"closed","ping_status":"closed","template":"","meta":{"_acf_changed":false,"inline_featured_image":false,"wp_typography_post_enhancements_disabled":false,"footnotes":""},"class_list":["post-3315","page","type-page","status-publish","has-post-thumbnail","hentry"],"acf":[],"_links":{"self":[{"href":"https:\/\/www.quantumbw.de\/en\/wp-json\/wp\/v2\/pages\/3315","targetHints":{"allow":["GET"]}}],"collection":[{"href":"https:\/\/www.quantumbw.de\/en\/wp-json\/wp\/v2\/pages"}],"about":[{"href":"https:\/\/www.quantumbw.de\/en\/wp-json\/wp\/v2\/types\/page"}],"author":[{"embeddable":true,"href":"https:\/\/www.quantumbw.de\/en\/wp-json\/wp\/v2\/users\/8"}],"replies":[{"embeddable":true,"href":"https:\/\/www.quantumbw.de\/en\/wp-json\/wp\/v2\/comments?post=3315"}],"version-history":[{"count":14,"href":"https:\/\/www.quantumbw.de\/en\/wp-json\/wp\/v2\/pages\/3315\/revisions"}],"predecessor-version":[{"id":5830,"href":"https:\/\/www.quantumbw.de\/en\/wp-json\/wp\/v2\/pages\/3315\/revisions\/5830"}],"up":[{"embeddable":true,"href":"https:\/\/www.quantumbw.de\/en\/wp-json\/wp\/v2\/pages\/2674"}],"wp:featuredmedia":[{"embeddable":true,"href":"https:\/\/www.quantumbw.de\/en\/wp-json\/wp\/v2\/media\/2157"}],"wp:attachment":[{"href":"https:\/\/www.quantumbw.de\/en\/wp-json\/wp\/v2\/media?parent=3315"}],"curies":[{"name":"wp","href":"https:\/\/api.w.org\/{rel}","templated":true}]}}