{"id":5696,"date":"2026-03-11T16:49:17","date_gmt":"2026-03-11T15:49:17","guid":{"rendered":"https:\/\/www.quantumbw.de\/?page_id=5696"},"modified":"2026-04-09T08:47:49","modified_gmt":"2026-04-09T06:47:49","slug":"foerdermassnahmen","status":"publish","type":"page","link":"https:\/\/www.quantumbw.de\/de\/the-laend-of-quantum-technology-home\/foerdermassnahmen\/","title":{"rendered":"F\u00f6rder\u00adma\u00df\u00adnah\u00admen"},"content":{"rendered":"<div class=\"wpb-content-wrapper\"><p>[vc_row][vc_column][module_parallax_hero_image module_ratio=\u201cvh-wo-header\u201d position=\u201cmid-left\u201d spacebefore=\u201cspacebefore-none\u201d spaceafter=\u201cspaceafter\u2011m\u201d indentbefore=\u201cindentbefore-none\u201d indentafter=\u201cindentafter-none\u201d bgcolor=\u201d\u201d module_effect=\u201ceffect-media\u201d image=\u201c3097\u201d]<\/p>\n<p class=\"paragraph\"><span class=\"font-weight-l font-size-xl font-color-bright\">F\u00f6rder\u00adma\u00df\u00adnah\u00admen<\/span><\/p>\n<p>[\/module_parallax_hero_image][\/vc_column][\/vc_row][vc_row css_animation=\u201cfadeInUp\u201d][vc_column][module_free_text spacebefore=\u201cspacebefore-none\u201d spaceafter=\u201cspaceafter\u2011m\u201d indentbefore=\u201cindentbefore-xs\u201d indentafter=\u201cindentafter-xs\u201d bgcolor=\u201d\u201d moduleeffect=\u201ceffect-media\u201d]<\/p>\n<h2 class=\"paragraph\"><span class=\"font-size-m font-weight-l\" style=\"font-size: 35px;\">Sammlung aktueller F\u00f6rderma\u00dfnahmen<\/span><\/h2>\n<h1><strong>F\u00f6rderange\u00adbote f\u00fcr Quantentechnologien<\/strong><\/h1>\n<p>[\/module_free_text][\/vc_column][\/vc_row][vc_row css_animation=\u201cfadeInUp\u201d][vc_column][module_free_text spacebefore=\u201cspacebefore-none\u201d spaceafter=\u201cspaceafter\u2011s\u201d indentbefore=\u201cindentbefore-xs\u201d indentafter=\u201cindentafter-xs\u201d bgcolor=\u201d\u201d moduleeffect=\u201ceffect-media\u201d]<\/p>\n<p class=\"paragraph\"><span class=\"font-size-m\">Das Ziel von <span class=\"font-weight-l\">Quantum<sup>BW<\/sup><\/span> ist es, die Erforschung und Entwick\u00adlung von Quanten\u00adtechnologien voranzutreiben. Um den Zugang zu F\u00f6rder\u00adma\u00df\u00adnah\u00admen zu erleichtern, sind im Folgen\u00adden F\u00f6rder\u00adm\u00f6glichkeiten weiterer Insti\u00adtu\u00adtio\u00adnen auf Landes\u2011, Bundes- oder EU-Ebene aufgef\u00fchrt.<\/span><\/p>\n<p class=\"paragraph\"><span class=\"font-size-m\">Die Liste wird in regelm\u00e4\u00dfi\u00adgen Abst\u00e4n\u00adden aktual\u00adisiert, um einen m\u00f6glichst umfassenden \u00dcberblick zu bieten. <span class=\"font-weight-l\">Es besteht jedoch keine Gew\u00e4hr auf Vollst\u00e4ndigkeit. Quantum<sup>BW<\/sup> ist f\u00fcr die exter\u00adnen F\u00f6rder\u00adma\u00df\u00adnah\u00admen nicht verantwortlich.<\/span><\/span><\/p>\n<p>[\/module_free_text][\/vc_column][\/vc_row][vc_row css_animation=\u201cfadeInUp\u201d][vc_column][module_free_text spacebefore=\u201cspacebefore\u2011m\u201d spaceafter=\u201cspaceafter\u2011m\u201d indentbefore=\u201cindentbefore-xs\u201d indentafter=\u201cindentafter-xs\u201d bgcolor=\u201d\u201d moduleeffect=\u201ceffect-media\u201d]<\/p>\n<h2><span class=\"font-size-l font-weight-l\">Externe F\u00f6rder\u00adma\u00df\u00adnah\u00admen:<\/span><\/h2>\n<p>[\/module_free_text][module_free_text spacebefore=\u201cspacebefore-none\u201d spaceafter=\u201cspaceafter\u2011m\u201d indentbefore=\u201cindentbefore-xs\u201d indentafter=\u201cindentafter-xs\u201d bgcolor=\u201d\u201d moduleeffect=\u201ceffect-media\u201d]<\/p>\n<ul>\n<li>\n<p class=\"paragraph\"><span class=\"font-size-x\">EU-Funding: <a href=\"https:\/\/ec.europa.eu\/info\/funding-tenders\/opportunities\/portal\/screen\/opportunities\/topic-details\/HORIZON-CL4-2026-04-DIGITAL-EMERGING-11?isExactMatch=true&amp;status=31094501,31094502,31094503&amp;callIdentifier=HORIZON-CL4-2026-04&amp;order=DESC&amp;pageNumber=1&amp;pageSize=50&amp;sortBy=startDate\" target=\"_blank\" rel=\"noopener\">Grand Challenge on Quantum Sensors for Inertial Naviga\u00adtion (HORIZON-CL4-2026\u201304-DIGITAL-EMERGING-11)<\/a><br><\/span><em><span class=\"font-size-x\">Deadline: 15.04.2026<\/span><\/em><\/p>\n<\/li>\n<li>\n<p class=\"paragraph\"><span class=\"font-size-x\">EU-Funding: <a href=\"https:\/\/www.horizon-europe.gouv.fr\/large-scale-photonic-quantum-computing-platform-technologies-ria-42594\" target=\"_blank\" rel=\"noopener\">Large-Scale Photonic Quantum Comput\u00ading Platform Technolo\u00adgies (RIA) (HORIZON-CL4-2026\u201304-DIGITAL-EMERGING-18)<\/a><br><\/span><em><span class=\"font-size-x\">Deadline: 15.04.2026<\/span><\/em><\/p>\n<\/li>\n<li>\n<p class=\"paragraph\"><span class=\"font-size-x\">Bundesmin\u00adis\u00adterium f\u00fcr Forschung, Technolo\u00adgie und Raumfahrt: <a href=\"https:\/\/www.bmftr.bund.de\/DE\/Forschung\/Gesellschaft\/ZukunftDerArbeit\/KmuInnovativ\/kmu-innovativ-photonik-und-quantentechnologien\/kmu-innovativ-photonik-und-quantentechnologien.html\" target=\"_blank\" rel=\"noopener\">KMU-innovativ: Photonik und Quanten\u00adtechnologien<\/a><br><\/span><em><span class=\"font-size-x\">Deadline: 15.04.2026<\/span><\/em><\/p>\n<\/li>\n<li>\n<p class=\"paragraph\"><span class=\"font-size-x\">Bundesmin\u00adis\u00adterium f\u00fcr Forschung, Technolo\u00adgie und Raumfahrt: <a href=\"https:\/\/www.quantensysteme.info\/foerdermassnahmen\/details\/q\/bilateraler_call_deutschland\/uk\">Bilat\u00aderaler Call Deutschland\/UK<\/a><br><\/span><em><span class=\"font-size-x\">Deadline: 15.04.2026<\/span><\/em><\/p>\n<\/li>\n<li>\n<p class=\"paragraph\"><span class=\"font-size-x\">Bundesmin\u00adis\u00adterium f\u00fcr Forschung, Technolo\u00adgie und Raumfahrt: <a href=\"https:\/\/www.quantensysteme.info\/foerdermassnahmen\/details\/q\/bilateraler_call_deutschland\/kanada\" target=\"_blank\" rel=\"noopener\">Bilat\u00aderaler Call Deutschland\/Kanada<\/a><br><\/span><em><span class=\"font-size-x\">Deadline: 24.04.2026<\/span><\/em><\/p>\n<\/li>\n<li>\n<p class=\"paragraph\"><span class=\"font-size-x\">Bundesmin\u00adis\u00adterium f\u00fcr Forschung, Technolo\u00adgie und Raumfahrt: <a href=\"https:\/\/www.quantensysteme.info\/foerdermassnahmen\/details\/q\/open_innovation_%E2%80%93_offene_werkzeuge_f%C3%BCr_forschung_und_lehre_in_quantentechnologien_und_photonik\" target=\"_blank\" rel=\"noopener\">Open Innova\u00adtion \u2013 Offene Werkzeuge f\u00fcr Forschung und Lehre in Quanten\u00adtechnologien und Photonik<\/a><br><\/span><em><span class=\"font-size-x\">Deadline: 30.04.2026<\/span><\/em><\/p>\n<\/li>\n<li>\n<p class=\"paragraph\"><span class=\"font-size-x\"><span class=\"font-size-x\">Bundesmin\u00adis\u00adterium f\u00fcr Forschung, Technolo\u00adgie und Raumfahrt: <\/span><\/span><a href=\"https:\/\/www.quantensysteme.info\/foerdermassnahmen\/details\/q\/missionsgetriebener_hardware-wettbewerb:_fehlerkorrigiertes_quantencomputing_mit_aufbau_von_pilotlinien_%28quantum_computing_competition%29\"><span class=\"font-size-x\">Mission\u00ads\u00adgetriebener Hardware-Wettbewerb: Fehlerko\u00adr\u00adrigiertes Quanten\u00adcomputing mit Aufbau von Pilotlin\u00adien (Quantum Comput\u00ading Compe\u00adti\u00adtion)<\/span><\/a>&nbsp;<br><em><span class=\"font-size-x\">Deadline 11.05.2026<\/span><\/em><\/p>\n<\/li>\n<li>\n<p class=\"paragraph\"><span class=\"font-size-x\">Bundesmin\u00adis\u00adterium f\u00fcr Forschung, Technolo\u00adgie und Raumfahrt: <a href=\"https:\/\/www.quantensysteme.info\/foerdermassnahmen\/details\/q\/quantum_international_-_internationale_kooperationen_in_den_quantentechnologien\" target=\"_blank\" rel=\"noopener\">Quantum Inter\u00adna\u00adtional \u2014 Inter\u00adna\u00adtionale Kooper\u00ada\u00adtio\u00adnen in den Quanten\u00adtechnologien<\/a><br><\/span><em><span class=\"font-size-x\">Stich\u00adtage f\u00fcr Einre\u00adichun\u00adgen: 15.05. und 15.11. jedes Jahres<\/span><\/em><\/p>\n<\/li>\n<li>\n<p class=\"paragraph\"><span class=\"font-size-x\">Bundesmin\u00adis\u00adterium f\u00fcr Forschung, Technolo\u00adgie und Raumfahrt: <a href=\"https:\/\/www.quantensysteme.info\/foerdermassnahmen\/details\/q\/wissenschaftliche_vorprojekte_(wivopro)\" target=\"_blank\" rel=\"noopener\">Wissenschaftliche Vorpro\u00adjekte (WiVoPro)<\/a><br><\/span><em><span class=\"font-size-x\">Stich\u00adtage f\u00fcr Einre\u00adichun\u00adgen: 15.06. und 15.12. jedes Jahres<\/span><\/em><\/p>\n<\/li>\n<li>\n<p class=\"paragraph\"><span class=\"font-size-x\">Bundesmin\u00adis\u00adterium f\u00fcr Forschung, Technolo\u00adgie und Raumfahrt:&nbsp;<a href=\"https:\/\/www.quantensysteme.info\/foerdermassnahmen\/details\/q\/enabling_technologies_f%C3%BCr_resiliente_f%26e-lieferketten_in_den_quantentechnologien\" target=\"_blank\" rel=\"noopener\">Enabling Technolo\u00adgies f\u00fcr resiliente F&amp;E\u2011Lieferketten in den Quanten\u00adtechnologien<\/a><br><\/span><em><span class=\"font-size-x\">Deadline: 30.09. jedes Jahres<\/span><\/em><\/p>\n<\/li>\n<\/ul>\n<p>[\/module_free_text][\/vc_column][\/vc_row][vc_row css_animation=\u201cnone\u201d][vc_column][module_free_text spacebefore=\u201cspacebefore\u2011m\u201d spaceafter=\u201cspaceafter\u2011m\u201d indentbefore=\u201cindentbefore-xs\u201d indentafter=\u201cindentafter-xs\u201d bgcolor=\u201d\u201d moduleeffect=\u201ceffect-media\u201d]<\/p>\n<h2><span class=\"font-size-l font-weight-l\">Weitere Infor\u00adma\u00adtio\u00adnen<\/span><\/h2>\n<p>[\/module_free_text][\/vc_column][\/vc_row][vc_row css_animation=\u201cnone\u201d][vc_column]<\/p><section class=\"module module-teaser-swiper effect-media \">    <div class=\"module__outer\" id>        <div class=\"module__outer__inner spacebefore-none spaceafter-m indentbefore-xs indentafter-xs\">            <div class=\"module-slidex default \" data-opt-loop=\"true\" data-opt-autoplay data-opt-freemode data-opt-navigation data-opt-pagination data-opt-origin data-opt-perview=\"3\" data-opt-duration data-opt-rendermode=\"precision\" data-opt-breakpointsm=\"{&quot;slides&quot;:{&quot;perView&quot;: 1.25, &quot;spacing&quot;: 40}}\" data-opt-breakpointmd=\"{&quot;slides&quot;:{&quot;perView&quot;: 2.25, &quot;spacing&quot;: 40}}\" data-opt-breakpointlg=\"{&quot;slides&quot;:{&quot;perView&quot;: 3, &quot;spacing&quot;: 40}}\">                <div class=\"keen-slider\"><div class=\"slidex__slide\">    <div class=\"teaser-box below\">        <a class=\"teaser-box__link\" href=\"https:\/\/www.quantumbw.de\/de\/the-laend-of-quantum-technology-home\/events\/\" target=\"_blank\" role=\"link\" aria-label=\"More about Quantum<sup>BW<\/sup>-Events\"><div class=\"teaser-box__link__media\"><img loading=\"lazy\" decoding=\"async\" width=\"1920\" height=\"1280\" src=\"https:\/\/www.quantumbw.de\/wp-content\/uploads\/2024\/06\/KCQBW_DevCon_Gruppenarbeit.jpg\" class=\"teaser-box__link__media__image\" alt=\"Am Fraunhofer IAF fand die Developer Conference des Kompetenzzentrum Quantencomputing Baden-W\u00fcrttemberg statt.\" srcset=\"https:\/\/www.quantumbw.de\/wp-content\/uploads\/2024\/06\/KCQBW_DevCon_Gruppenarbeit.jpg 1920w, https:\/\/www.quantumbw.de\/wp-content\/uploads\/2024\/06\/KCQBW_DevCon_Gruppenarbeit-640x427.jpg 640w, https:\/\/www.quantumbw.de\/wp-content\/uploads\/2024\/06\/KCQBW_DevCon_Gruppenarbeit-1024x683.jpg 1024w, https:\/\/www.quantumbw.de\/wp-content\/uploads\/2024\/06\/KCQBW_DevCon_Gruppenarbeit-768x512.jpg 768w, https:\/\/www.quantumbw.de\/wp-content\/uploads\/2024\/06\/KCQBW_DevCon_Gruppenarbeit-1536x1024.jpg 1536w, https:\/\/www.quantumbw.de\/wp-content\/uploads\/2024\/06\/KCQBW_DevCon_Gruppenarbeit-1400x933.jpg 1400w\" sizes=\"auto, (max-width: 1920px) 100vw, 1920px\">                <figcaption class=\"media__caption white\">\u00a9 Fraunhofer IAF<\/figcaption>            <\/div>            <div class=\"teaser-box__link__details\">                <h3 class=\"teaser-box__link__details__headline font-size-m font-weight-l font-color-dark \">Quantum<sup>BW<\/sup>-Events<\/h3>            <\/div>        <\/a>    <\/div><\/div><div class=\"slidex__slide\">    <div class=\"teaser-box below\">        <a class=\"teaser-box__link\" href=\"https:\/\/www.quantumbw.de\/de\/the-laend-of-quantum-technology-home\/news\/\" target=\"_blank\" role=\"link\" aria-label=\"More about Graduiertenschule @Quantum<sup>BW<\/sup>\"><div class=\"teaser-box__link__media\"><img loading=\"lazy\" decoding=\"async\" width=\"750\" height=\"500\" src=\"https:\/\/www.quantumbw.de\/wp-content\/uploads\/2024\/05\/Quantum-Effects-Key-Visual_Zuschnitt.jpg\" class=\"teaser-box__link__media__image\" alt=\"QuantumBW pr\u00e4sentiert Neuigkeiten rund um die Quantentechnologien\" srcset=\"https:\/\/www.quantumbw.de\/wp-content\/uploads\/2024\/05\/Quantum-Effects-Key-Visual_Zuschnitt.jpg 750w, https:\/\/www.quantumbw.de\/wp-content\/uploads\/2024\/05\/Quantum-Effects-Key-Visual_Zuschnitt-640x427.jpg 640w\" sizes=\"auto, (max-width: 750px) 100vw, 750px\">                <figcaption class=\"media__caption white\">\u00a9 Landesmesse Stuttgart GmbH<\/figcaption>            <\/div>            <div class=\"teaser-box__link__details\">                <h3 class=\"teaser-box__link__details__headline font-size-m font-weight-l font-color-dark \">Graduierten\u00adschule @Quantum<sup>BW<\/sup><\/h3>            <\/div>        <\/a>    <\/div><\/div><div class=\"slidex__slide\">    <div class=\"teaser-box below\">        <a class=\"teaser-box__link\" href=\"https:\/\/www.thelaend.de\/wall-of-opportunities\/\" target=\"_blank\" role=\"link\" aria-label=\"More about The L\u00c4ND Wall of Opportunities\"><div class=\"teaser-box__link__media\"><img loading=\"lazy\" decoding=\"async\" width=\"1536\" height=\"1024\" src=\"https:\/\/www.quantumbw.de\/wp-content\/uploads\/2024\/09\/laend_tm-store_3zu2_1920x1280_live-stage.jpg\" class=\"teaser-box__link__media__image\" alt=\"Junger Mann springt kopf\u00fcber in ein Gew\u00e4sser und wird dabei von zwei jungen t\u00e4towirten Frauen auf einem Schlauchboot beobachtet.\" srcset=\"https:\/\/www.quantumbw.de\/wp-content\/uploads\/2024\/09\/laend_tm-store_3zu2_1920x1280_live-stage.jpg 1536w, https:\/\/www.quantumbw.de\/wp-content\/uploads\/2024\/09\/laend_tm-store_3zu2_1920x1280_live-stage-640x427.jpg 640w, https:\/\/www.quantumbw.de\/wp-content\/uploads\/2024\/09\/laend_tm-store_3zu2_1920x1280_live-stage-1024x683.jpg 1024w, https:\/\/www.quantumbw.de\/wp-content\/uploads\/2024\/09\/laend_tm-store_3zu2_1920x1280_live-stage-768x512.jpg 768w, https:\/\/www.quantumbw.de\/wp-content\/uploads\/2024\/09\/laend_tm-store_3zu2_1920x1280_live-stage-1400x933.jpg 1400w\" sizes=\"auto, (max-width: 1536px) 100vw, 1536px\">                <figcaption class=\"media__caption white\">\u00a9 The&nbsp;L\u00c4ND<\/figcaption>            <\/div>            <div class=\"teaser-box__link__details\">                <h3 class=\"teaser-box__link__details__headline font-size-m font-weight-l font-color-dark \">The L\u00c4ND Wall of Opportunities<\/h3>            <\/div>        <\/a>    <\/div><\/div>                <\/div>            <\/div>        <\/div>    <\/div><\/section>[\/vc_column][\/vc_row]\n<\/div>","protected":false},"excerpt":{"rendered":"[vc_row][vc_column][module_parallax_hero_image module_ratio=\u201cvh-wo-header\u201d position=\u201cmid-left\u201d spacebefore=\u201cspacebefore-none\u201d spaceafter=\u201cspaceafter\u2011m\u201d indentbefore=\u201cindentbefore-none\u201d indentafter=\u201cindentafter-none\u201d bgcolor=\u201d\u201d module_effect=\u201ceffect-media\u201d image=\u201c3097\u201d] F\u00f6rder\u00adma\u00df\u00adnah\u00admen [\/module_parallax_hero_image][\/vc_column][\/vc_row][vc_row css_animation=\u201cfadeInUp\u201d][vc_column][module_free_text spacebefore=\u201cspacebefore-none\u201d spaceafter=\u201cspaceafter\u2011m\u201d indentbefore=\u201cindentbefore-xs\u201d indentafter=\u201cindentafter-xs\u201d bgcolor=\u201d\u201d moduleeffect=\u201ceffect-media\u201d] Sammlung aktueller F\u00f6rder\u00adma\u00df\u00adnah\u00admen F\u00f6rderange\u00adbote f\u00fcr Quanten\u00adtechnologien [\/module_free_text][\/vc_column][\/vc_row][vc_row css_animation=\u201cfadeInUp\u201d][vc_column][module_free_text spacebefore=\u201cspacebefore-none\u201d spaceafter=\u201cspaceafter\u2011s\u201d indentbefore=\u201cindentbefore-xs\u201d indentafter=\u201cindentafter-xs\u201d bgcolor=\u201d\u201d moduleeffect=\u201ceffect-media\u201d] Das Ziel von QuantumBW ist es, die Erforschung und Entwick\u00adlung von Quanten\u00adtechnologien voranzutreiben. Um den Zugang zu F\u00f6rder\u00adma\u00df\u00adnah\u00admen zu erleichtern, sind&nbsp;im&nbsp;[\u2026]","protected":false},"author":21,"featured_media":3435,"parent":2127,"menu_order":0,"comment_status":"closed","ping_status":"closed","template":"","meta":{"_acf_changed":false,"inline_featured_image":false,"wp_typography_post_enhancements_disabled":false,"footnotes":""},"class_list":["post-5696","page","type-page","status-publish","has-post-thumbnail","hentry"],"acf":[],"_links":{"self":[{"href":"https:\/\/www.quantumbw.de\/de\/wp-json\/wp\/v2\/pages\/5696","targetHints":{"allow":["GET"]}}],"collection":[{"href":"https:\/\/www.quantumbw.de\/de\/wp-json\/wp\/v2\/pages"}],"about":[{"href":"https:\/\/www.quantumbw.de\/de\/wp-json\/wp\/v2\/types\/page"}],"author":[{"embeddable":true,"href":"https:\/\/www.quantumbw.de\/de\/wp-json\/wp\/v2\/users\/21"}],"replies":[{"embeddable":true,"href":"https:\/\/www.quantumbw.de\/de\/wp-json\/wp\/v2\/comments?post=5696"}],"version-history":[{"count":19,"href":"https:\/\/www.quantumbw.de\/de\/wp-json\/wp\/v2\/pages\/5696\/revisions"}],"predecessor-version":[{"id":5821,"href":"https:\/\/www.quantumbw.de\/de\/wp-json\/wp\/v2\/pages\/5696\/revisions\/5821"}],"up":[{"embeddable":true,"href":"https:\/\/www.quantumbw.de\/de\/wp-json\/wp\/v2\/pages\/2127"}],"wp:featuredmedia":[{"embeddable":true,"href":"https:\/\/www.quantumbw.de\/de\/wp-json\/wp\/v2\/media\/3435"}],"wp:attachment":[{"href":"https:\/\/www.quantumbw.de\/de\/wp-json\/wp\/v2\/media?parent=5696"}],"curies":[{"name":"wp","href":"https:\/\/api.w.org\/{rel}","templated":true}]}}