{"id":3832,"date":"2024-09-13T13:15:25","date_gmt":"2024-09-13T11:15:25","guid":{"rendered":"https:\/\/www.quantumbw.de\/?page_id=3832"},"modified":"2026-04-07T10:16:43","modified_gmt":"2026-04-07T08:16:43","slug":"quantumbw-atlas","status":"publish","type":"page","link":"https:\/\/www.quantumbw.de\/de\/quantumbw-atlas\/","title":{"rendered":"Quantum<sup>BW<\/sup> Atlas"},"content":{"rendered":"<div class=\"wpb-content-wrapper\"><p>[vc_row][vc_column][module_parallax_hero_image module_ratio=\u201cr\u201121\u20139\u201d position=\u201cmid-left\u201d spacebefore=\u201cspacebefore-none\u201d spaceafter=\u201cspaceafter\u2011m\u201d indentbefore=\u201cindentbefore-none\u201d indentafter=\u201cindentafter-none\u201d bgcolor=\u201d\u201d module_effect=\u201ceffect-media\u201d image=\u201c3871\u201d]<\/p>\n<p class=\"paragraph\"><span class=\"font-size-m font-weight-l font-color-bright\">Durch die Quanten-Landschaft navigieren<\/span><\/p>\n<p class=\"paragraph\"><span class=\"font-size-xl font-weight-l font-color-bright\">Quantum<sup>BW<\/sup>&nbsp;Atlas<\/span><\/p>\n<p>[\/module_parallax_hero_image][\/vc_column][\/vc_row][vc_row css_animation=\u201cfadeIn\u201d][vc_column][module_free_text spacebefore=\u201cspacebefore-none\u201d spaceafter=\u201cspaceafter\u2011m\u201d indentbefore=\u201cindentbefore-xs\u201d indentafter=\u201cindentafter-xs\u201d bgcolor=\u201d\u201d moduleeffect=\u201ceffect-media\u201d]<\/p>\n<h2><span class=\"font-size-m font-weight-l font-color-dark\">Durch die Quanten-Landschaft navigieren<\/span><\/h2>\n<h1><span class=\"font-size-xl font-weight-l font-color-dark\">Quantum<sup>BW<\/sup>&nbsp;Atlas<\/span><\/h1>\n<p>[\/module_free_text][\/vc_column][\/vc_row][vc_row css_animation=\u201cfadeIn\u201d][vc_column][module_free_text spacebefore=\u201cspacebefore-none\u201d spaceafter=\u201cspaceafter\u2011l\u201d indentbefore=\u201cindentbefore-xs\u201d indentafter=\u201cindentafter-xs\u201d bgcolor=\u201d\u201d moduleeffect=\u201ceffect-media\u201d]<\/p>\n<p class=\"paragraph\" style=\"text-align: left;\"><span class=\"font-size-s\">\u201cWer macht was in Baden-W\u00fcrttemberg zum Thema Quanten\u00adtechnologien?\u201d <span style=\"background-color: var(--pagebodybg); color: var(--pagebodycolor); font-family: var(--pageTypoFamily); letter-spacing: var(--pageTypoLetterSpacing);\">\u201cWelche Themen treiben Forschung und Entwick\u00adlung um?\u201d \u2013 <\/span><span style=\"background-color: var(--pagebodybg); color: var(--pagebodycolor); font-family: var(--pageTypoFamily); letter-spacing: var(--pageTypoLetterSpacing);\">Das sind die Fragen, die der Quantum<sup>BW<\/sup>&nbsp;Atlas beant\u00adwortet. Der Atlas ist ein digitales Wissenspro\u00addukt der Innova\u00adtion\u00adsini\u00adtia\u00adtive Quantum<sup>BW<\/sup>. Er erleichtert die Naviga\u00adtion durch die Quanten-Landschaft und den Einstieg in ausgew\u00e4hlte Forschungs- und Entwick\u00adlungs\u00adthe\u00admen in THE&nbsp;L\u00c4ND.<\/span><\/span><\/p>\n<p class=\"paragraph\"><span class=\"font-size-s\">Der Atlas liefert fachliche Orien\u00adtierung zu Akteuren in Unternehmen und Akademia, zu Quanten\u00adthe\u00admen und Quanten\u00adin\u00adfra\u00adstruk\u00adtur, zu Quantenkursen und Quanten\u00adtrain\u00adings inner\u00adhalb Baden-W\u00fcrttembergs.<\/span><\/p>\n<p class=\"paragraph\">\n<\/p><p class=\"paragraph\" style=\"text-align: center;\"><span class=\"font-weight-l\"><a class=\"button button--solid-black \" href=\"https:\/\/quantumbw-atlas.de\/\" rel=\"noopener\" data-id>Zum QuantumBW Atlas<\/a><\/span><\/p>\n<p>[\/module_free_text][\/vc_column][\/vc_row][vc_row css_animation=\u201cfadeIn\u201d][vc_column][module_free_text spacebefore=\u201cspacebefore-none\u201d spaceafter=\u201cspaceafter\u2011m\u201d indentbefore=\u201cindentbefore-xs\u201d indentafter=\u201cindentafter-xs\u201d bgcolor=\u201d\u201d moduleeffect=\u201ceffect-media\u201d]<\/p>\n<h2><span class=\"font-weight-l font-size-l\">Wissenspr\u00e4sen\u00adta\u00adtion<\/span><\/h2>\n<p class=\"paragraph\"><span class=\"font-size-s\">Die Inhalte des Quantum<sup>BW<\/sup>&nbsp;Atlas werden \u00fcber Steck\u00adbri\u00adef\u00adfor\u00admate pr\u00e4sen\u00adtiert, die von einem Redak\u00adtion\u00adsteam in Zusam\u00adme\u00adnar\u00adbeit mit Partnern sowie Fachex\u00adper\u00adtin\u00adnen und Fachex\u00adperten der Initia\u00adtive erstellt und gepflegt werden. Die Steck\u00adbriefe k\u00f6nnen von Nutzen\u00adden neben der klassis\u00adchen Suche \u00fcber Men\u00fc und Freifeld \u00fcber eine intuitive geographis\u00adche und thema\u00adtis\u00adche Naviga\u00adtion anges\u00adteuert werden. Die Daten des Atlas werden auf einem deutschen Server DSGVO-konform gehostet.<\/span><\/p>\n<p>[\/module_free_text][\/vc_column][\/vc_row][vc_row css_animation=\u201cfadeIn\u201d][vc_column][module_parallax_hero_image module_ratio=\u201cr\u201121\u20139\u201d link=\u201curl:https%3A%2F%2Fquantumbw-atlas.de%2F|title:QuantumBW-Atlas%20entdecken|target:_blank|rel:nofollow\u201d position=\u201cbottom-left\u201d spacebefore=\u201cspacebefore-none\u201d spaceafter=\u201cspaceafter\u2011l\u201d indentbefore=\u201cindentbefore-none\u201d indentafter=\u201cindentafter-none\u201d bgcolor=\u201d\u201d module_effect=\u201ceffect-media\u201d image=\u201c3876\u201d]<\/p>\n<h2><span class=\"font-color-bright font-weight-l font-size-xl\">Quantum<sup>BW<\/sup>&nbsp;Atlas entdecken<\/span><\/h2>\n<p>[\/module_parallax_hero_image][\/vc_column][\/vc_row][vc_row css_animation=\u201cfadeIn\u201d][vc_column][module_free_text spacebefore=\u201cspacebefore-none\u201d spaceafter=\u201cspaceafter\u2011l\u201d indentbefore=\u201cindentbefore-xs\u201d indentafter=\u201cindentafter-xs\u201d bgcolor=\u201d\u201d moduleeffect=\u201ceffect-media\u201d]<\/p>\n<h2><span class=\"font-weight-l font-size-l\">Mitmachen<\/span><\/h2>\n<p class=\"paragraph\"><span class=\"font-size-s\">Partner von Quantum<sup>BW<\/sup> und solche, die es werden wollen, sind einge\u00adladen sich im Atlas vorzustellen. Auch Themen\u00advorschl\u00e4ge zur Erweiterung des Atlas sind willkom\u00admen. Machen Sie&nbsp;mit!<\/span><\/p>\n<p class=\"paragraph\" style=\"text-align: center;\"><span class=\"font-weight-l\"><a class=\"button button--solid-black \" href=\"mailto:anne-sophie.tombeil@iao.fraunhofer.de\" rel=\"noopener\" data-id>Kontakt aufnehmen<\/a><\/span><\/p>\n<p>[\/module_free_text][\/vc_column][\/vc_row][vc_row css_animation=\u201cfadeIn\u201d][vc_column][module_parallax_text_image column_order=\u201ctext-left\u201d space_between_cols=\u201cm\u201d image_width=\u201cm\u201d spacebefore=\u201cspacebefore-none\u201d spaceafter=\u201cspaceafter\u2011l\u201d indentbefore=\u201cindentbefore-xs\u201d indentafter=\u201cindentafter-xs\u201d bgcolor=\u201d\u201d module_effect=\u201ceffect-media\u201d image=\u201c1509\u201d]<\/p>\n<h2><span class=\"font-weight-l font-size-l\">Kontext<\/span><\/h2>\n<p class=\"paragraph\"><span class=\"font-size-s\">Der Innova\u00adtion\u00adscam\u00adpus Quantum<sup>BW<\/sup> bringt Grund\u00adla\u00adgen\u00adforschung und angewandte Forschung mit indus\u00adtrieller Entwick\u00adlung und Anwen\u00addung zusammen.&nbsp;<\/span><\/p>\n<p class=\"paragraph\"><span class=\"font-size-s\">Sie ist offen f\u00fcr alle Akteure auf dem Gebiet der Quanten\u00adtechnologien in Baden-W\u00fcrttemberg und f\u00f6rdert den Austausch, um gemein\u00adsam ein leistungs\u00adf\u00e4higes \u00d6kosys\u00adtem der Quanten\u00adtech\u00adnolo\u00adgie aufzubauen.<\/span><\/p>\n<p class=\"paragraph\"><span class=\"font-size-s\">Sie m\u00f6chten mit Ihrem Unternehmen oder Ihrer Insti\u00adtu\u00adtion Teil des Quantum<sup>BW<\/sup>-Netzw\u00aderks werden?&nbsp;<\/span><\/p>\n<p class=\"paragraph\"><span class=\"font-size-s\">Die Quantum<sup>BW<\/sup>-Gesch\u00e4fts\u00adstelle freut sich auf Ihre Anfrage!&nbsp;<\/span><\/p>\n<p class=\"paragraph\"><a class=\"button button--solid-black \" href=\"mailto:info@quantumbw.de\" rel=\"noopener\" data-id>Partner werden<\/a><\/p>\n<p>[\/module_parallax_text_image][\/vc_column][\/vc_row][vc_row css_animation=\u201cfadeInUp\u201d][vc_column][module_free_text spacebefore=\u201cspacebefore\u2011m\u201d spaceafter=\u201cspaceafter\u2011m\u201d indentbefore=\u201cindentbefore-xs\u201d indentafter=\u201cindentafter-xs\u201d bgcolor=\u201d\u201d moduleeffect=\u201ceffect-media\u201d]<\/p>\n<h2><span class=\"font-size-l font-weight-l\">Weitere Infor\u00adma\u00adtio\u00adnen<\/span><\/h2>\n<p>[\/module_free_text][\/vc_column][\/vc_row][vc_row css_animation=\u201cfadeInUp\u201d][vc_column]<\/p><section class=\"module module-teaser-swiper effect-media \">    <div class=\"module__outer\" id>        <div class=\"module__outer__inner spacebefore-none spaceafter-m indentbefore-xs indentafter-xs\">            <div class=\"module-slidex default \" data-opt-loop=\"true\" data-opt-autoplay data-opt-freemode data-opt-navigation data-opt-pagination data-opt-origin data-opt-perview=\"3\" data-opt-duration data-opt-rendermode=\"precision\" data-opt-breakpointsm=\"{&quot;slides&quot;:{&quot;perView&quot;: 1.25, &quot;spacing&quot;: 40}}\" data-opt-breakpointmd=\"{&quot;slides&quot;:{&quot;perView&quot;: 2.25, &quot;spacing&quot;: 40}}\" data-opt-breakpointlg=\"{&quot;slides&quot;:{&quot;perView&quot;: 3, &quot;spacing&quot;: 40}}\">                <div class=\"keen-slider\"><div class=\"slidex__slide\">    <div class=\"teaser-box below\">        <a class=\"teaser-box__link\" href=\"https:\/\/www.quantumbw.de\/de\/the-laend-of-quantum-technology-2\/news\/\" target role=\"link\" aria-label=\"More about News\"><div class=\"teaser-box__link__media\"><img loading=\"lazy\" decoding=\"async\" width=\"750\" height=\"500\" src=\"https:\/\/www.quantumbw.de\/wp-content\/uploads\/2024\/05\/Quantum-Effects-Key-Visual_Zuschnitt.jpg\" class=\"teaser-box__link__media__image\" alt=\"QuantumBW pr\u00e4sentiert Neuigkeiten rund um die Quantentechnologien\" srcset=\"https:\/\/www.quantumbw.de\/wp-content\/uploads\/2024\/05\/Quantum-Effects-Key-Visual_Zuschnitt.jpg 750w, https:\/\/www.quantumbw.de\/wp-content\/uploads\/2024\/05\/Quantum-Effects-Key-Visual_Zuschnitt-640x427.jpg 640w\" sizes=\"auto, (max-width: 750px) 100vw, 750px\">                <figcaption class=\"media__caption white\">\u00a9 Landesmesse Stuttgart GmbH<\/figcaption>            <\/div>            <div class=\"teaser-box__link__details\">                <h3 class=\"teaser-box__link__details__headline font-size-m font-weight-l font-color-dark \">News<\/h3>            <\/div>        <\/a>    <\/div><\/div><div class=\"slidex__slide\">    <div class=\"teaser-box below\">        <a class=\"teaser-box__link\" href=\"https:\/\/www.quantumbw.de\/de\/the-laend-of-quantum-technology-2\/events\/\" target=\"_blank\" role=\"link\" aria-label=\"More about Events\"><div class=\"teaser-box__link__media\"><img loading=\"lazy\" decoding=\"async\" width=\"1024\" height=\"683\" src=\"https:\/\/www.quantumbw.de\/wp-content\/uploads\/2024\/05\/KCQBW_Gruppenarbeit_0.jpg\" class=\"teaser-box__link__media__image\" alt=\"Forschende in Baden-W\u00fcrttemberg im Austausch \u00fcber Quantentechnologien\" srcset=\"https:\/\/www.quantumbw.de\/wp-content\/uploads\/2024\/05\/KCQBW_Gruppenarbeit_0.jpg 1024w, https:\/\/www.quantumbw.de\/wp-content\/uploads\/2024\/05\/KCQBW_Gruppenarbeit_0-640x427.jpg 640w, https:\/\/www.quantumbw.de\/wp-content\/uploads\/2024\/05\/KCQBW_Gruppenarbeit_0-768x512.jpg 768w\" sizes=\"auto, (max-width: 1024px) 100vw, 1024px\">                <figcaption class=\"media__caption white\">\u00a9 Fraunhofer IAF<\/figcaption>            <\/div>            <div class=\"teaser-box__link__details\">                <h3 class=\"teaser-box__link__details__headline font-size-m font-weight-l font-color-dark \">Events<\/h3>            <\/div>        <\/a>    <\/div><\/div><div class=\"slidex__slide\">    <div class=\"teaser-box below\">        <a class=\"teaser-box__link\" href=\"https:\/\/www.quantumbw.de\/de\/the-laend-of-quantum-technology-2\/partner\/\" target=\"_blank\" role=\"link\" aria-label=\"More about Partner\"><div class=\"teaser-box__link__media\"><img loading=\"lazy\" decoding=\"async\" width=\"1920\" height=\"1280\" src=\"https:\/\/www.quantumbw.de\/wp-content\/uploads\/2024\/06\/19_Quantum-Effects-2023_web.jpg\" class=\"teaser-box__link__media__image\" alt=\"Die Landesinitiative Quantum<sup>BW<\/sup> pr\u00e4sentierte bei der Quantum Effects 2023 Quantentechnologien aus Baden-W\u00fcrttemberg.\" srcset=\"https:\/\/www.quantumbw.de\/wp-content\/uploads\/2024\/06\/19_Quantum-Effects-2023_web.jpg 1920w, https:\/\/www.quantumbw.de\/wp-content\/uploads\/2024\/06\/19_Quantum-Effects-2023_web-640x427.jpg 640w, https:\/\/www.quantumbw.de\/wp-content\/uploads\/2024\/06\/19_Quantum-Effects-2023_web-1024x683.jpg 1024w, https:\/\/www.quantumbw.de\/wp-content\/uploads\/2024\/06\/19_Quantum-Effects-2023_web-768x512.jpg 768w, https:\/\/www.quantumbw.de\/wp-content\/uploads\/2024\/06\/19_Quantum-Effects-2023_web-1536x1024.jpg 1536w, https:\/\/www.quantumbw.de\/wp-content\/uploads\/2024\/06\/19_Quantum-Effects-2023_web-1400x933.jpg 1400w\" sizes=\"auto, (max-width: 1920px) 100vw, 1920px\">                <figcaption class=\"media__caption white\">\u00a9 Ludmilla Parsyak | Fraunhofer IAO<\/figcaption>            <\/div>            <div class=\"teaser-box__link__details\">                <h3 class=\"teaser-box__link__details__headline font-size-m font-weight-l font-color-dark \">Partner<\/h3>            <\/div>        <\/a>    <\/div><\/div>                <\/div>            <\/div>        <\/div>    <\/div><\/section>[\/vc_column][\/vc_row]\n<\/div>","protected":false},"excerpt":{"rendered":"[vc_row][vc_column][module_parallax_hero_image module_ratio=\u201cr\u201121\u20139\u201d position=\u201cmid-left\u201d spacebefore=\u201cspacebefore-none\u201d spaceafter=\u201cspaceafter\u2011m\u201d indentbefore=\u201cindentbefore-none\u201d indentafter=\u201cindentafter-none\u201d bgcolor=\u201d\u201d module_effect=\u201ceffect-media\u201d image=\u201c3871\u201d] Durch die Quanten-Landschaft navigieren QuantumBW&nbsp;Atlas [\/module_parallax_hero_image][\/vc_column][\/vc_row][vc_row css_animation=\u201cfadeIn\u201d][vc_column][module_free_text spacebefore=\u201cspacebefore-none\u201d spaceafter=\u201cspaceafter\u2011m\u201d indentbefore=\u201cindentbefore-xs\u201d indentafter=\u201cindentafter-xs\u201d bgcolor=\u201d\u201d moduleeffect=\u201ceffect-media\u201d] Durch die Quanten-Landschaft navigieren QuantumBW&nbsp;Atlas [\/module_free_text][\/vc_column][\/vc_row][vc_row css_animation=\u201cfadeIn\u201d][vc_column][module_free_text spacebefore=\u201cspacebefore-none\u201d spaceafter=\u201cspaceafter\u2011l\u201d indentbefore=\u201cindentbefore-xs\u201d indentafter=\u201cindentafter-xs\u201d bgcolor=\u201d\u201d moduleeffect=\u201ceffect-media\u201d] \u201cWer macht was in Baden-W\u00fcrttemberg zum Thema Quanten\u00adtechnologien?\u201d \u201cWelche Themen treiben Forschung und Entwick\u00adlung um?\u201d \u2013 Das sind&nbsp;die&nbsp;[\u2026]","protected":false},"author":8,"featured_media":3871,"parent":0,"menu_order":0,"comment_status":"closed","ping_status":"closed","template":"","meta":{"_acf_changed":false,"inline_featured_image":false,"wp_typography_post_enhancements_disabled":false,"footnotes":""},"class_list":["post-3832","page","type-page","status-publish","has-post-thumbnail","hentry"],"acf":[],"_links":{"self":[{"href":"https:\/\/www.quantumbw.de\/de\/wp-json\/wp\/v2\/pages\/3832","targetHints":{"allow":["GET"]}}],"collection":[{"href":"https:\/\/www.quantumbw.de\/de\/wp-json\/wp\/v2\/pages"}],"about":[{"href":"https:\/\/www.quantumbw.de\/de\/wp-json\/wp\/v2\/types\/page"}],"author":[{"embeddable":true,"href":"https:\/\/www.quantumbw.de\/de\/wp-json\/wp\/v2\/users\/8"}],"replies":[{"embeddable":true,"href":"https:\/\/www.quantumbw.de\/de\/wp-json\/wp\/v2\/comments?post=3832"}],"version-history":[{"count":46,"href":"https:\/\/www.quantumbw.de\/de\/wp-json\/wp\/v2\/pages\/3832\/revisions"}],"predecessor-version":[{"id":5783,"href":"https:\/\/www.quantumbw.de\/de\/wp-json\/wp\/v2\/pages\/3832\/revisions\/5783"}],"wp:featuredmedia":[{"embeddable":true,"href":"https:\/\/www.quantumbw.de\/de\/wp-json\/wp\/v2\/media\/3871"}],"wp:attachment":[{"href":"https:\/\/www.quantumbw.de\/de\/wp-json\/wp\/v2\/media?parent=3832"}],"curies":[{"name":"wp","href":"https:\/\/api.w.org\/{rel}","templated":true}]}}