{"id":3420,"date":"2024-07-17T13:57:10","date_gmt":"2024-07-17T11:57:10","guid":{"rendered":"https:\/\/www.quantumbw.de\/?page_id=3420"},"modified":"2026-03-25T11:03:16","modified_gmt":"2026-03-25T10:03:16","slug":"quantumbw-colloquium","status":"publish","type":"page","link":"https:\/\/www.quantumbw.de\/de\/the-laend-of-quantum-technology-home\/quantumbw-colloquium\/","title":{"rendered":"Quantum<sup>BW<\/sup> Colloquium"},"content":{"rendered":"<div class=\"wpb-content-wrapper\">[vc_row][vc_column][module_parallax_hero_image module_ratio=\u201cvh-wo-header\u201d position=\u201cmid-left\u201d spacebefore=\u201cspacebefore-none\u201d spaceafter=\u201cspaceafter\u2011m\u201d indentbefore=\u201cindentbefore-none\u201d indentafter=\u201cindentafter-none\u201d bgcolor=\u201d\u201d module_effect=\u201ceffect-media\u201d image=\u201c3435\u201d]\n<p class=\"paragraph\"><span class=\"font-color-bright font-size-m font-weight-l\">Landesweites Austauschfor\u00admat<\/span><\/p>\n<p class=\"paragraph\"><span class=\"font-weight-l font-size-xl font-color-bright\">Quantum<sup>BW<\/sup> Colloquium<\/span><\/p>\n[\/module_parallax_hero_image][\/vc_column][\/vc_row][vc_row css_animation=\u201cfadeInUp\u201d][vc_column][module_free_text spacebefore=\u201cspacebefore-none\u201d spaceafter=\u201cspaceafter\u2011m\u201d indentbefore=\u201cindentbefore-xs\u201d indentafter=\u201cindentafter-xs\u201d bgcolor=\u201d\u201d moduleeffect=\u201ceffect-media\u201d]\n<h2 class=\"paragraph\"><span class=\"font-size-m font-weight-l\" style=\"font-size: 35px;\">Landesweites Austauschfor\u00admat<\/span><\/h2>\n<h1><span class=\"font-size-xl font-weight-l\">Quantum<sup>BW<\/sup> Colloquium<\/span><\/h1>\n[\/module_free_text][\/vc_column][\/vc_row][vc_row css_animation=\u201cfadeInUp\u201d][vc_column][module_free_text spacebefore=\u201cspacebefore-none\u201d spaceafter=\u201cspaceafter\u2011s\u201d indentbefore=\u201cindentbefore-xs\u201d indentafter=\u201cindentafter-xs\u201d bgcolor=\u201d\u201d moduleeffect=\u201ceffect-media\u201d]\n<p class=\"paragraph\"><span class=\"font-size-m\">Das landesweite <span class=\"font-weight-l\">Quantum<sup>BW<\/sup> Collo\u00adquium<\/span> auf dem Campus des Fraunhofer-Institutszentrums Stuttgart f\u00f6rdert den wissenschaftlichen Austausch \u00fcber Hardware- und Algorithmik-Themen im Bereich Quanten\u00adcomputing sowie Quanten-Sensing-Themen zu f\u00f6rdern. Nationale und inter\u00adna\u00adtionale Forschende stellen die neuesten Entwick\u00adlun\u00adgen auf diesem Gebiet vor und treiben damit den Gedanken des Co-Developments von Quanten\u00adl\u00f6\u00adsun\u00adgen&nbsp;voran.<\/span><\/p>\n<span class=\"font-size-m\"><span class=\"font-weight-l\">Eine Anmel\u00addung zum Collo\u00adquium ist nicht notwendig.<\/span> Die Veranstal\u00adtungssprache ist Englisch.<\/span>[\/module_free_text][\/vc_column][\/vc_row][vc_row css_animation=\u201cfadeInUp\u201d][vc_column][module_free_text spacebefore=\u201cspacebefore\u2011m\u201d spaceafter=\u201cspaceafter\u2011m\u201d indentbefore=\u201cindentbefore-xs\u201d indentafter=\u201cindentafter-xs\u201d bgcolor=\u201d\u201d moduleeffect=\u201ceffect-media\u201d]\n<h2><span class=\"font-size-l font-weight-l\">Termine<\/span><\/h2>\n<span class=\"font-size-m\">Das Quantum<sup>BW<\/sup> Collo\u00adquium findet 2026 <\/span><span class=\"font-size-m\">an folgen\u00adden Termi\u00adnen statt:<\/span>[\/module_free_text][module_free_text spacebefore=\u201cspacebefore-none\u201d spaceafter=\u201cspaceafter\u2011m\u201d indentbefore=\u201cindentbefore-xs\u201d indentafter=\u201cindentafter-xs\u201d bgcolor=\u201d\u201d moduleeffect=\u201ceffect-media\u201d]\n<ul>\n \t<li><span class=\"font-size-s font-weight-l\">19. M\u00e4rz:<\/span><span class=\"font-size-s\"> Dr. Julian Berberich, Univer\u00adsit\u00e4t Stuttgart: \u201cRobust\u00adness of quantum algorithms\u201d<\/span><\/li>\n<\/ul>\n<ul>\n \t<li><span class=\"font-size-s font-weight-l\">16. April<br class=\"linebreak\"><br class=\"linebreak\"><\/span><\/li>\n \t<li><span class=\"font-size-s font-weight-l\">21. Mai<br class=\"linebreak\"><br class=\"linebreak\"><\/span><\/li>\n \t<li><span class=\"font-size-s font-weight-l\">11. Juni:<\/span><span class=\"font-size-s\"> Dr. Michael Streif, Boehringer Ingel\u00adheim: \u201cScien\u00adtific Challenges to Apply Quantum Comput\u00ading in Drug Design\u201d<\/span><span class=\"font-size-s font-weight-l\"><br class=\"linebreak\"><br class=\"linebreak\"><\/span><\/li>\n \t<li><span class=\"font-size-s font-weight-l\">30. Juli: <\/span><span class=\"font-size-s\">Prof. Dr. Apara\u00adjita Singha, TU Dresden: \u201cNV-magnetometry: challenges and oppor\u00adtu\u00adni\u00adties for quantum sensing experiments\u201d<\/span><span class=\"font-size-s font-weight-l\"><br class=\"linebreak\"><br class=\"linebreak\"><\/span><\/li>\n \t<li><span class=\"font-size-s font-weight-l\">01. Oktober<br class=\"linebreak\"><br class=\"linebreak\"><\/span><\/li>\n \t<li><span class=\"font-size-s font-weight-l\">22. Oktober<br class=\"linebreak\"><br class=\"linebreak\"><\/span><\/li>\n \t<li><span class=\"font-size-s font-weight-l\">19. Novem\u00adber<\/span><\/li>\n<\/ul>\n[\/module_free_text][module_accordion inverted_content=\u201cbright\u201d trigger_titel_styling=\u201ctrue\u201d trigger_titel_font_size=\u201cfont-size\u2011m\u201d trigger_titel_font_weight=\u201cfont-weight\u2011l\u201d trigger_titel_font_color=\u201cfont-color-dark\u201d trigger_marker=\u201cangle\u201d trigger_position=\u201cright\u201d spacebefore=\u201cspacebefore-none\u201d spaceafter=\u201cspaceafter\u2011m\u201d indentbefore=\u201cindentbefore-xs\u201d indentafter=\u201cindentafter-xs\u201d bgcolor=\u201cbg-color-accent\u201d module_effect=\u201ceffect-media\u201d trigger_titel=\u201cPast Talks\u201d]\n<h3>2026<\/h3>\n<ul>\n \t<li><span class=\"font-weight-l font-size-s\">19. M\u00e4rz, Dr. Julian Berberich (Univer\u00adsit\u00e4t Stuttgart)&nbsp;<br class=\"linebreak\"><\/span><span class=\"font-size-s\">Robust\u00adness of quantum algorithms<\/span><span class=\"font-size-s\">\n<a href=\"https:\/\/www.youtube.com\/watch?v=DKQFt2wucmQ\" target=\"_blank\" rel=\"noopener\">Aufze\u00adich\u00adnung<\/a><\/span><\/li>\n<\/ul>\n<h3>2025<\/h3>\n<ul>\n \t<li><span class=\"font-weight-l font-size-s\">20. M\u00e4rz, Dr. Lukas Burgholzer (Technis\u00adche Univer\u00adsit\u00e4t M\u00fcnchen)&nbsp;<br class=\"linebreak\"><\/span><span class=\"font-size-s\">Design Automa\u00adtion Tools and Software for Quantum Computing<\/span><span class=\"font-size-s\">\n<a href=\"https:\/\/www.youtube.com\/watch?v=LklOkbXO_44\" target=\"_blank\" rel=\"noopener\">Aufze\u00adich\u00adnung<br class=\"linebreak\"><br class=\"linebreak\"><\/a><\/span><\/li>\n \t<li class=\"paragraph\"><span class=\"font-weight-l font-size-s\">10. April, Prof. Marko Rancic (Univer\u00adsity of Luxem\u00adbourg)<br class=\"linebreak\"><\/span><span class=\"font-size-s\">Quantum Comput\u00ading in Physics, Chemistry and Optimiza\u00adtion<br class=\"linebreak\"><\/span><span class=\"font-size-s\"><a href=\"https:\/\/www.youtube.com\/watch?v=mSpdT8P1cIs\" target=\"_blank\" rel=\"noopener\">Aufze\u00adich\u00adnung<br class=\"linebreak\"><br class=\"linebreak\"><\/a><\/span><\/li>\n \t<li><span class=\"font-weight-l font-size-s\">May 08, Dr. Michael Marthaler (HQS Quantum <\/span><span class=\"font-size-s\">Simula\u00adtions)<\/span><span class=\"font-size-s\">Quantum Comput\u00ading Use Cases: Optimiza\u00adtion and Nuclear Magnetic Resonance<\/span><span class=\"font-size-s\"><a href=\"https:\/\/www.youtube.com\/watch?v=LX3T_rtuMAU\" target=\"_blank\" rel=\"noopener\"><br class=\"linebreak\">Aufze\u00adich\u00adnung<br class=\"linebreak\"><br class=\"linebreak\"><\/a><\/span><\/li>\n \t<li><span class=\"font-weight-l font-size-s\">10. Juli, Prof. Achim Kempf (Univer\u00adsity of Water\u00adloo) <br class=\"linebreak\"><\/span><span class=\"font-size-s\">The dynam\u00adics of entan\u00adgle\u00adment in adiabatic quantum comput\u00ading<\/span><span class=\"font-weight-l font-size-s\"><br class=\"linebreak\"><\/span><a href=\"https:\/\/www.youtube.com\/watch?v=4y9PmeZsWds\" target=\"_blank\" rel=\"noopener\"><span class=\"font-size-s\">Aufze\u00adich\u00adnung<br class=\"linebreak\"><br class=\"linebreak\"><\/span><\/a><\/li>\n \t<li><span class=\"font-weight-l font-size-s\">25. Septem\u00adber, Prof. Sevag Gharib\u00adian (Univer\u00adsit\u00e4t Pader\u00adborn)<br class=\"linebreak\"><\/span><span class=\"font-size-s\">Dequan\u00adtiz\u00ading the Quantum Singu\u00adlar Value Trans\u00adfor\u00adma\u00adtion: Hardness and Appli\u00adca\u00adtions to Quantum Chemistry and the Quantum PCP Conjec\u00adture<\/span><span class=\"font-weight-l font-size-s\"><br class=\"linebreak\"><\/span><a href=\"https:\/\/www.youtube.com\/watch?v=eGg-4DdjOQo\" target=\"_blank\" rel=\"noopener\"><span class=\"font-size-s\">Aufze\u00adich\u00adnung<br class=\"linebreak\"><br class=\"linebreak\"><\/span><\/a><\/li>\n \t<li><span class=\"font-weight-l font-size-s\">16. Oktober, Dr. Vadim Vorobev (Univer\u00adsit\u00e4t Stuttgart)<\/span><span class=\"font-weight-l font-size-s\">\n<\/span><span class=\"font-size-s\">Quantum Sensing\u2014At the Limit of Measure\u00adments<\/span><br class=\"linebreak\"><a href=\"https:\/\/www.youtube.com\/watch?v=fxn91TtU_Cs\" target=\"_blank\" rel=\"noopener\"><span class=\"font-size-s\">Aufze\u00adich\u00adnung<\/span><\/a><span class=\"font-weight-l font-size-s\"><br class=\"linebreak\"><\/span><\/li>\n<\/ul>\n<h3>2024<\/h3>\n<ul>\n \t<li><span class=\"font-weight-l font-size-s\">18. April, Prof. Tilman Pfau (Univer\u00adsit\u00e4t Stuttgart)<br class=\"linebreak\"><\/span><span class=\"font-size-s\">Quantum comput\u00ading with trapped neutral atoms \u2014 made in Stuttgart<br class=\"linebreak\"><\/span><span class=\"font-size-s\"><a href=\"https:\/\/www.youtube.com\/watch?v=sZJdNN9Fs8A\" target=\"_blank\" rel=\"noopener\">Aufze\u00adichu\u00adnung<br class=\"linebreak\"><br class=\"linebreak\"><\/a><\/span><\/li>\n \t<li class=\"paragraph\"><span class=\"font-weight-l font-size-s\">2. Mai, Dr. Michele Grossi (CERN)<br class=\"linebreak\"><\/span><span class=\"font-size-s\">Varia\u00adtional quantum algorithms: train\u00ading and expres\u00adsiv\u00adity consid\u00ader\u00ada\u00adtions from CERN<br class=\"linebreak\"><\/span><span class=\"font-size-s\"><a href=\"https:\/\/www.youtube.com\/watch?v=-rEfl2UlAiQ&amp;t=1s\" target=\"_blank\" rel=\"noopener\">Aufze\u00adich\u00adnung<br class=\"linebreak\"><br class=\"linebreak\"><\/a><\/span><\/li>\n \t<li class=\"paragraph\"><span class=\"font-weight-l font-size-s\">27. Juni, Dr. Christa Zoufal (IBM Quantum)<br class=\"linebreak\"><\/span><span class=\"font-size-s\">The poten\u00adtials and bottle\u00adnecks of state-of-the-art quantum machine learn\u00ading algorithms<br class=\"linebreak\"><\/span><span class=\"font-size-s\"><a href=\"https:\/\/www.youtube.com\/watch?v=fY9GP5ZNVGM\" target=\"_blank\" rel=\"noopener\">Aufze\u00adich\u00adnung<br class=\"linebreak\"><br class=\"linebreak\"><\/a><\/span><\/li>\n \t<li class=\"paragraph\"><span class=\"font-weight-l font-size-s\">12. Juli, Prof. Zo\u00eb Holmes (EPFL)<br class=\"linebreak\"><\/span><span class=\"font-size-s\">Does provable absence of barren plateaus imply classi\u00adcal simula\u00adbil\u00adity?<br class=\"linebreak\"><\/span><span class=\"font-size-s\"><a href=\"https:\/\/www.youtube.com\/watch?v=EKRzj2WOyu8\" target=\"_blank\" rel=\"noopener\">Aufze\u00adich\u00adnung<br class=\"linebreak\"><br class=\"linebreak\"><\/a><\/span><\/li>\n \t<li class=\"paragraph\"><span class=\"font-weight-l font-size-s\">25. Juli, Prof. Jens Eisert (FU Berlin)<br class=\"linebreak\"><\/span><span class=\"font-size-s\">Do quantum comput\u00aders have appli\u00adca\u00adtions in optimiza\u00adtion and machine learning?<br class=\"linebreak\"><br class=\"linebreak\"><\/span><\/li>\n \t<li class=\"paragraph\"><span class=\"font-weight-l font-size-s\">12. Septem\u00adber, Dr. Chris\u00adt\u00adian Marciniak (Univer\u00adsity of Innsbruck)<br class=\"linebreak\"><\/span><span class=\"font-size-s\">Quantum infor\u00adma\u00adtion process\u00ading with trapped ions \u2014 state of the art, perspec\u00adtives, and recent appli\u00adca\u00adtions<br class=\"linebreak\"><\/span><span class=\"font-size-s\"><a href=\"https:\/\/www.youtube.com\/watch?v=ZVm_hOMCNHQ\" target=\"_blank\" rel=\"noopener\">Aufze\u00adich\u00adnung<br class=\"linebreak\"><br class=\"linebreak\"><\/a><\/span><\/li>\n \t<li class=\"paragraph\"><span class=\"font-weight-l font-size-s\">26. Septem\u00adber, Dr. Werner Dobrautz (Chalmers Univer\u00adsity of Technol\u00adogy Gothen\u00adburg)<br class=\"linebreak\"><\/span><span class=\"font-size-s\">Quantum Chemistry<br class=\"linebreak\"><\/span><span class=\"font-size-s\"><a href=\"https:\/\/www.youtube.com\/watch?v=a7MsNx1GmcE\" target=\"_blank\" rel=\"noopener\">Aufze\u00adich\u00adnung<br class=\"linebreak\"><br class=\"linebreak\"><\/a><\/span><\/li>\n \t<li class=\"paragraph\"><span class=\"font-weight-l font-size-s\">17. Oktober, Prof. Dr. Joris van Slageren (Univer\u00adsity of Stuttgart)<br class=\"linebreak\"><\/span><span class=\"font-size-s\">Molecules for quantum technolo\u00adgies<br class=\"linebreak\"><\/span><span class=\"font-size-s\"><a href=\"https:\/\/www.youtube.com\/live\/r4WHN1OjUOw\" target=\"_blank\" rel=\"noopener\">Aufze\u00adich\u00adnung<br class=\"linebreak\"><br class=\"linebreak\"><\/a><\/span><\/li>\n \t<li class=\"paragraph\"><span class=\"font-weight-l font-size-s\">7. Novem\u00adber, Prof. Markus M\u00fcller (RWTH Aachen\/FZ J\u00fclich)<br class=\"linebreak\"><\/span><span class=\"font-size-s\">The dawn of quantum fault-tolerance<br class=\"linebreak\"><\/span><span class=\"font-size-s\"><a href=\"https:\/\/www.youtube.com\/watch?v=zxZtwsKibjc\" target=\"_blank\" rel=\"noopener\">Aufze\u00adich\u00adnung<br class=\"linebreak\"><br class=\"linebreak\"><\/a><\/span><\/li>\n \t<li class=\"paragraph\"><span class=\"font-weight-l font-size-s\">21. Novem\u00adber, Prof. Ioan Pop (KIT\/University of Stuttgart)<br class=\"linebreak\"><\/span><span class=\"font-size-s\">Mesoscopic physics challenges (in) super\u00adcon\u00adduct\u00ading quantum devices<br class=\"linebreak\"><\/span><span class=\"font-size-s\"><a href=\"https:\/\/www.youtube.com\/watch?v=yWSV4Bj9gbI\" target=\"_blank\" rel=\"noopener\">Aufze\u00adich\u00adnung<br class=\"linebreak\"><br class=\"linebreak\"><\/a><\/span><\/li>\n \t<li><span class=\"font-weight-l font-size-s\">5. Dezem\u00adber, Prof. Dr. Barbara Kraus (TU M\u00fcnchen)<br class=\"linebreak\"><\/span><span class=\"font-size-s\">Is your quantum computer working?<\/span><span class=\"font-size-s\"><a href=\"https:\/\/www.youtube.com\/watch?app=desktop&amp;v=LYLup317uoo\" target=\"_blank\" rel=\"noopener\"><br class=\"linebreak\"><br class=\"linebreak\"><\/a><\/span><\/li>\n \t<li><span class=\"font-weight-l font-size-s\">19. Dezem\u00adber, Prof. Dr. Enrique Solano (Kipu Quantum)<br class=\"linebreak\"><\/span><span class=\"font-size-s\">Useful quantum comput\u00ading in the NISQ Era<br class=\"linebreak\"><\/span><span class=\"font-size-s\"><a href=\"https:\/\/www.youtube.com\/watch?v=B_yxtLONp9g\" target=\"_blank\" rel=\"noopener\">Aufze\u00adich\u00adnung<br class=\"linebreak\"><\/a><\/span><\/li>\n<\/ul>\n[\/module_accordion][module_freetext_image column_order=\u201ctext-left\u201d space_between_cols=\u201cm\u201d image_width=\u201cm\u201d image_tint=\u201d\u201d spacebefore=\u201cspacebefore-none\u201d spaceafter=\u201cspaceafter\u2011m\u201d indentbefore=\u201cindentbefore-xs\u201d indentafter=\u201cindentafter-xs\u201d bgcolor=\u201d\u201d module_effect=\u201ceffect-media\u201d image=\u201c3421\u201d]<span class=\"font-size-m font-weight-l\">Veranstal\u00adtung\u00adsort (hybrid):<br class=\"linebreak\"><\/span><span class=\"font-size-m\">IAT Univer\u00adsit\u00e4t Stuttgart<br class=\"linebreak\">Allman\u00addring 35, Raum 0.201<br class=\"linebreak\"><\/span><span class=\"font-size-m\">70569 Stuttgart<br class=\"linebreak\">Deutsch\u00adland<br class=\"linebreak\"><\/span><span class=\"font-size-m\"><br class=\"linebreak\"><a href=\"https:\/\/www.youtube.com\/@QuantumBW\/streams\">Livestreams<\/a>\n<br class=\"linebreak\"><\/span><span class=\"font-size-m font-weight-l\">Veranstal\u00adtungszeit:\n<\/span><span class=\"font-size-m\">10\u201311 Uhr<\/span>[\/module_freetext_image][\/vc_column][\/vc_row][vc_row css_animation=\u201cfadeInUp\u201d][vc_column][module_free_text spacebefore=\u201cspacebefore\u2011m\u201d spaceafter=\u201cspaceafter\u2011s\u201d indentbefore=\u201cindentbefore-xs\u201d indentafter=\u201cindentafter-xs\u201d bgcolor=\u201d\u201d moduleeffect=\u201ceffect-media\u201d]\n<h2><span class=\"font-size-l font-weight-l\">Zielgruppe und F\u00f6rdermittelgeber<\/span><\/h2>\n<p class=\"paragraph\"><span class=\"font-size-m\">Das Quantum<sup>BW<\/sup> Collo\u00adquium richtet sich an Forschende und Entwick\u00adel\u00adnde im univer\u00adsit\u00e4ren und au\u00dferuni\u00adver\u00adsit\u00e4ren Bereich, die an den Poten\u00adzialen des Quanten\u00adcom\u00adput\u00adings inter\u00adessiert sind.<\/span><\/p>\n<p class=\"paragraph\"><span class=\"font-size-m\">Es wird im Rahmen der Innova\u00adtion\u00adsini\u00adtia\u00adtive Quantum<sup>BW<\/sup> gef\u00f6rdert durch das <a href=\"https:\/\/mwk.baden-wuerttemberg.de\/de\/startseite\" target=\"_blank\" rel=\"noopener\">Minis\u00adterium f\u00fcr Wissen\u00adschaft, Forschung und Kunst Baden-W\u00fcrttemberg<\/a> und das <a href=\"https:\/\/wm.baden-wuerttemberg.de\/de\/startseite\" target=\"_blank\" rel=\"noopener\">Minis\u00adterium f\u00fcr Wirtschaft, Arbeit und Touris\u00admus Baden-W\u00fcrttemberg<\/a>.<\/span><\/p>\n[\/module_free_text][\/vc_column][\/vc_row][vc_row css_animation=\u201cnone\u201d][vc_column][module_free_text spacebefore=\u201cspacebefore\u2011m\u201d spaceafter=\u201cspaceafter\u2011m\u201d indentbefore=\u201cindentbefore-xs\u201d indentafter=\u201cindentafter-xs\u201d bgcolor=\u201d\u201d moduleeffect=\u201ceffect-media\u201d]\n<h2><span class=\"font-size-l font-weight-l\">Weitere Infor\u00adma\u00adtio\u00adnen<\/span><\/h2>\n[\/module_free_text][\/vc_column][\/vc_row][vc_row css_animation=\u201cnone\u201d][vc_column]<section class=\"module module-teaser-swiper effect-media \">    <div class=\"module__outer\" id>        <div class=\"module__outer__inner spacebefore-none spaceafter-m indentbefore-xs indentafter-xs\">            <div class=\"module-slidex default \" data-opt-loop=\"true\" data-opt-autoplay data-opt-freemode data-opt-navigation data-opt-pagination data-opt-origin data-opt-perview=\"3\" data-opt-duration data-opt-rendermode=\"precision\" data-opt-breakpointsm=\"{&quot;slides&quot;:{&quot;perView&quot;: 1.25, &quot;spacing&quot;: 40}}\" data-opt-breakpointmd=\"{&quot;slides&quot;:{&quot;perView&quot;: 2.25, &quot;spacing&quot;: 40}}\" data-opt-breakpointlg=\"{&quot;slides&quot;:{&quot;perView&quot;: 3, &quot;spacing&quot;: 40}}\">                <div class=\"keen-slider\"><div class=\"slidex__slide\">    <div class=\"teaser-box below\">        <a class=\"teaser-box__link\" href=\"https:\/\/www.quantumbw.de\/de\/the-laend-of-quantum-technology-home\/events\/\" target=\"_blank\" role=\"link\" aria-label=\"More about Quantum<sup>BW<\/sup>-Events\"><div class=\"teaser-box__link__media\"><img loading=\"lazy\" decoding=\"async\" width=\"1920\" height=\"1280\" src=\"https:\/\/www.quantumbw.de\/wp-content\/uploads\/2024\/06\/KCQBW_DevCon_Gruppenarbeit.jpg\" class=\"teaser-box__link__media__image\" alt=\"Am Fraunhofer IAF fand die Developer Conference des Kompetenzzentrum Quantencomputing Baden-W\u00fcrttemberg statt.\" srcset=\"https:\/\/www.quantumbw.de\/wp-content\/uploads\/2024\/06\/KCQBW_DevCon_Gruppenarbeit.jpg 1920w, https:\/\/www.quantumbw.de\/wp-content\/uploads\/2024\/06\/KCQBW_DevCon_Gruppenarbeit-640x427.jpg 640w, https:\/\/www.quantumbw.de\/wp-content\/uploads\/2024\/06\/KCQBW_DevCon_Gruppenarbeit-1024x683.jpg 1024w, https:\/\/www.quantumbw.de\/wp-content\/uploads\/2024\/06\/KCQBW_DevCon_Gruppenarbeit-768x512.jpg 768w, https:\/\/www.quantumbw.de\/wp-content\/uploads\/2024\/06\/KCQBW_DevCon_Gruppenarbeit-1536x1024.jpg 1536w, https:\/\/www.quantumbw.de\/wp-content\/uploads\/2024\/06\/KCQBW_DevCon_Gruppenarbeit-1400x933.jpg 1400w\" sizes=\"auto, (max-width: 1920px) 100vw, 1920px\">                <figcaption class=\"media__caption white\">\u00a9 Fraunhofer IAF<\/figcaption>            <\/div>            <div class=\"teaser-box__link__details\">                <h3 class=\"teaser-box__link__details__headline font-size-m font-weight-l font-color-dark \">Quantum<sup>BW<\/sup>-Events<\/h3>            <\/div>        <\/a>    <\/div><\/div><div class=\"slidex__slide\">    <div class=\"teaser-box below\">        <a class=\"teaser-box__link\" href=\"https:\/\/www.quantumbw.de\/de\/the-laend-of-quantum-technology-home\/iqst-graduiertenschule-quantumbw\/\" target=\"_blank\" role=\"link\" aria-label=\"More about Graduiertenschule @Quantum<sup>BW<\/sup>\"><div class=\"teaser-box__link__media\"><img loading=\"lazy\" decoding=\"async\" width=\"1024\" height=\"658\" src=\"https:\/\/www.quantumbw.de\/wp-content\/uploads\/2024\/05\/Interview-Koenig-in-action.jpg\" class=\"teaser-box__link__media__image\" alt=\"athrin K\u00f6nig nutzt das Programm Qiskit f\u00fcr ihre Arbeit an Quantencomputern von IBM.\" srcset=\"https:\/\/www.quantumbw.de\/wp-content\/uploads\/2024\/05\/Interview-Koenig-in-action.jpg 1024w, https:\/\/www.quantumbw.de\/wp-content\/uploads\/2024\/05\/Interview-Koenig-in-action-640x411.jpg 640w, https:\/\/www.quantumbw.de\/wp-content\/uploads\/2024\/05\/Interview-Koenig-in-action-768x494.jpg 768w\" sizes=\"auto, (max-width: 1024px) 100vw, 1024px\">                <figcaption class=\"media__caption white\">\u00a9 Fraunhofer IAF<\/figcaption>            <\/div>            <div class=\"teaser-box__link__details\">                <h3 class=\"teaser-box__link__details__headline font-size-m font-weight-l font-color-dark \">Graduierten\u00adschule @Quantum<sup>BW<\/sup><\/h3>            <\/div>        <\/a>    <\/div><\/div><div class=\"slidex__slide\">    <div class=\"teaser-box below\">        <a class=\"teaser-box__link\" href=\"https:\/\/www.thelaend.de\/wall-of-opportunities\/\" target=\"_blank\" role=\"link\" aria-label=\"More about The L\u00c4ND Wall of Opportunities\"><div class=\"teaser-box__link__media\"><img loading=\"lazy\" decoding=\"async\" width=\"1536\" height=\"1024\" src=\"https:\/\/www.quantumbw.de\/wp-content\/uploads\/2024\/09\/laend_tm-store_3zu2_1920x1280_live-stage.jpg\" class=\"teaser-box__link__media__image\" alt=\"Junger Mann springt kopf\u00fcber in ein Gew\u00e4sser und wird dabei von zwei jungen t\u00e4towirten Frauen auf einem Schlauchboot beobachtet.\" srcset=\"https:\/\/www.quantumbw.de\/wp-content\/uploads\/2024\/09\/laend_tm-store_3zu2_1920x1280_live-stage.jpg 1536w, https:\/\/www.quantumbw.de\/wp-content\/uploads\/2024\/09\/laend_tm-store_3zu2_1920x1280_live-stage-640x427.jpg 640w, https:\/\/www.quantumbw.de\/wp-content\/uploads\/2024\/09\/laend_tm-store_3zu2_1920x1280_live-stage-1024x683.jpg 1024w, https:\/\/www.quantumbw.de\/wp-content\/uploads\/2024\/09\/laend_tm-store_3zu2_1920x1280_live-stage-768x512.jpg 768w, https:\/\/www.quantumbw.de\/wp-content\/uploads\/2024\/09\/laend_tm-store_3zu2_1920x1280_live-stage-1400x933.jpg 1400w\" sizes=\"auto, (max-width: 1536px) 100vw, 1536px\">                <figcaption class=\"media__caption white\">\u00a9 The&nbsp;L\u00c4ND<\/figcaption>            <\/div>            <div class=\"teaser-box__link__details\">                <h3 class=\"teaser-box__link__details__headline font-size-m font-weight-l font-color-dark \">The L\u00c4ND Wall of Opportunities<\/h3>            <\/div>        <\/a>    <\/div><\/div>                <\/div>            <\/div>        <\/div>    <\/div><\/section>[\/vc_column][\/vc_row]<\/div>","protected":false},"excerpt":{"rendered":"[vc_row][vc_column][module_parallax_hero_image module_ratio=\u201cvh-wo-header\u201d position=\u201cmid-left\u201d spacebefore=\u201cspacebefore-none\u201d spaceafter=\u201cspaceafter\u2011m\u201d indentbefore=\u201cindentbefore-none\u201d indentafter=\u201cindentafter-none\u201d bgcolor=\u201d\u201d module_effect=\u201ceffect-media\u201d image=\u201c3435\u201d] Landesweites Austauschfor\u00admat QuantumBW Collo\u00adquium [\/module_parallax_hero_image][\/vc_column][\/vc_row][vc_row css_animation=\u201cfadeInUp\u201d][vc_column][module_free_text spacebefore=\u201cspacebefore-none\u201d spaceafter=\u201cspaceafter\u2011m\u201d indentbefore=\u201cindentbefore-xs\u201d indentafter=\u201cindentafter-xs\u201d bgcolor=\u201d\u201d moduleeffect=\u201ceffect-media\u201d] Landesweites Austauschfor\u00admat QuantumBW Collo\u00adquium [\/module_free_text][\/vc_column][\/vc_row][vc_row css_animation=\u201cfadeInUp\u201d][vc_column][module_free_text spacebefore=\u201cspacebefore-none\u201d spaceafter=\u201cspaceafter\u2011s\u201d indentbefore=\u201cindentbefore-xs\u201d indentafter=\u201cindentafter-xs\u201d bgcolor=\u201d\u201d moduleeffect=\u201ceffect-media\u201d] Das landesweite QuantumBW Collo\u00adquium auf dem Campus des Fraunhofer-Institutszentrums Stuttgart f\u00f6rdert den wissenschaftlichen Austausch \u00fcber Hardware- und Algorithmik-Themen im Bereich Quantencomputing&nbsp;[\u2026]","protected":false},"author":12,"featured_media":3435,"parent":2127,"menu_order":0,"comment_status":"closed","ping_status":"closed","template":"","meta":{"_acf_changed":false,"inline_featured_image":false,"wp_typography_post_enhancements_disabled":false,"footnotes":""},"class_list":["post-3420","page","type-page","status-publish","has-post-thumbnail","hentry"],"acf":[],"_links":{"self":[{"href":"https:\/\/www.quantumbw.de\/de\/wp-json\/wp\/v2\/pages\/3420","targetHints":{"allow":["GET"]}}],"collection":[{"href":"https:\/\/www.quantumbw.de\/de\/wp-json\/wp\/v2\/pages"}],"about":[{"href":"https:\/\/www.quantumbw.de\/de\/wp-json\/wp\/v2\/types\/page"}],"author":[{"embeddable":true,"href":"https:\/\/www.quantumbw.de\/de\/wp-json\/wp\/v2\/users\/12"}],"replies":[{"embeddable":true,"href":"https:\/\/www.quantumbw.de\/de\/wp-json\/wp\/v2\/comments?post=3420"}],"version-history":[{"count":77,"href":"https:\/\/www.quantumbw.de\/de\/wp-json\/wp\/v2\/pages\/3420\/revisions"}],"predecessor-version":[{"id":5768,"href":"https:\/\/www.quantumbw.de\/de\/wp-json\/wp\/v2\/pages\/3420\/revisions\/5768"}],"up":[{"embeddable":true,"href":"https:\/\/www.quantumbw.de\/de\/wp-json\/wp\/v2\/pages\/2127"}],"wp:featuredmedia":[{"embeddable":true,"href":"https:\/\/www.quantumbw.de\/de\/wp-json\/wp\/v2\/media\/3435"}],"wp:attachment":[{"href":"https:\/\/www.quantumbw.de\/de\/wp-json\/wp\/v2\/media?parent=3420"}],"curies":[{"name":"wp","href":"https:\/\/api.w.org\/{rel}","templated":true}]}}