{"id":3306,"date":"2024-07-10T16:57:40","date_gmt":"2024-07-10T14:57:40","guid":{"rendered":"https:\/\/www.quantumbw.de\/?page_id=3306"},"modified":"2024-09-06T14:49:17","modified_gmt":"2024-09-06T12:49:17","slug":"iqst-graduiertenschule-quantumbw","status":"publish","type":"page","link":"https:\/\/www.quantumbw.de\/de\/the-laend-of-quantum-technology-home\/iqst-graduiertenschule-quantumbw\/","title":{"rendered":"IQST-Graduiertenschule @Quantum<sup>BW<\/sup>"},"content":{"rendered":"<div class=\"wpb-content-wrapper\"><p>[vc_row][vc_column][module_parallax_hero_image module_ratio=\u201cvh-wo-header\u201d position=\u201cbottom-left\u201d spacebefore=\u201cspacebefore-none\u201d spaceafter=\u201cspaceafter\u2011m\u201d indentbefore=\u201cindentbefore-none\u201d indentafter=\u201cindentafter-none\u201d bgcolor=\u201d\u201d module_effect=\u201ceffect-media\u201d image=\u201c2156\u201d]<\/p>\n<p class=\"paragraph\"><span class=\"font-color-bright font-size-m font-weight-l\">F\u00f6rderung von Promo\u00adtion\u00adspro\u00adjek\u00adten zwischen Forschung und Anwendung<\/span><\/p>\n<p class=\"paragraph\"><span class=\"font-weight-l font-size-xl font-color-bright\">IQST-Graduiertenschule @Quantum<sup>BW<\/sup><\/span><\/p>\n<p>[\/module_parallax_hero_image][\/vc_column][\/vc_row][vc_row css_animation=\u201cfadeInUp\u201d][vc_column][module_free_text spacebefore=\u201cspacebefore-none\u201d spaceafter=\u201cspaceafter\u2011m\u201d indentbefore=\u201cindentbefore-xs\u201d indentafter=\u201cindentafter-xs\u201d bgcolor=\u201d\u201d moduleeffect=\u201ceffect-media\u201d]<\/p>\n<h2 class=\"paragraph\"><span class=\"font-size-m font-weight-l\" style=\"font-size: 35px;\">F\u00f6rderung von Promo\u00adtion\u00adspro\u00adjek\u00adten zwischen Forschung und Anwendung<\/span><\/h2>\n<h1><span class=\"font-size-xl font-weight-l\">IQST-Graduiertenschule @Quantum<sup>BW<\/sup><\/span><\/h1>\n<p>[\/module_free_text][\/vc_column][\/vc_row][vc_row css_animation=\u201cfadeInUp\u201d][vc_column][module_free_text spacebefore=\u201cspacebefore-none\u201d spaceafter=\u201cspaceafter\u2011s\u201d indentbefore=\u201cindentbefore-xs\u201d indentafter=\u201cindentafter-xs\u201d bgcolor=\u201d\u201d moduleeffect=\u201ceffect-media\u201d]<\/p>\n<p class=\"paragraph\"><span class=\"font-size-m font-color-dark\">Im Rahmen der Innova\u00adtion\u00adsini\u00adtia\u00adtive Quantum<sup>BW<\/sup> bietet das Center for Integrated Quantum Science and Technol\u00adogy (IQST) ab Oktober 2024 eine Graduierten\u00adschule f\u00fcr Promovierende im Bereich Quanten\u00adtechnologien an.&nbsp;<\/span><\/p>\n<p class=\"paragraph\"><span class=\"font-size-m font-color-dark\">Gef\u00f6rdert wird die Graduierten\u00adschule vom <a href=\"https:\/\/www.quantumbw.de\/de\/news\/iqst-graduiertenschule-quantumbw-startet\/\" target=\"_blank\" rel=\"noopener\">baden-w\u00fcrttembergischen Minis\u00adterium f\u00fcr Wissen\u00adschaft, Forschung und Kunst<\/a>.<\/span><\/p>\n<p>[\/module_free_text][module_free_text spacebefore=\u201cspacebefore-none\u201d spaceafter=\u201cspaceafter\u2011l\u201d indentbefore=\u201cindentbefore-xs\u201d indentafter=\u201cindentafter-xs\u201d bgcolor=\u201d\u201d moduleeffect=\u201ceffect-media\u201d]<span class=\"font-size-m font-weight-l\">Bitte bewer\u00adben Sie sich mithilfe der Bewer\u00adbung\u00adsun\u00adter\u00adla\u00adgen (<a href=\"https:\/\/www.quantumbw.de\/wp-content\/uploads\/2024\/07\/240628_IQST-GS@QuantumBW_template_final.docx\" target=\"_blank\" rel=\"noopener\">Download<\/a>) bis zum 1. Septem\u00adber 2024 f\u00fcr Pl\u00e4tze ab Oktober 2024!<\/span><\/p>\n<p class=\"paragraph\"><span class=\"font-weight-l\"><a class=\"button button--solid-black \" href=\"mailto:info@quantumbw.de\" rel=\"noopener\" data-id>Bewer\u00adben<\/a><\/span><\/p>\n<p>[\/module_free_text][\/vc_column][\/vc_row][vc_row css_animation=\u201cnone\u201d][vc_column][module_parallax_text_image column_order=\u201ctext-left\u201d space_between_cols=\u201cm\u201d image_width=\u201cxs\u201d spacebefore=\u201cspacebefore-none\u201d spaceafter=\u201cspaceafter\u2011m\u201d indentbefore=\u201cindentbefore-xs\u201d indentafter=\u201cindentafter-xs\u201d bgcolor=\u201d\u201d module_effect=\u201ceffect-media\u201d image=\u201c2197\u201d]<\/p>\n<h2><span class=\"font-weight-l font-size-l\">Was die Graduierten\u00adschule auszeichnet<\/span><\/h2>\n<p class=\"paragraph\"><span class=\"font-size-m\">Die Graduierten\u00adschule @Quantum<sup>BW<\/sup> schlie\u00dft die L\u00fccke zwischen Grund\u00adla\u00adgen\u00adforschung und Technolo\u00adgiean\u00adwen\u00addung. Sie f\u00f6rdert Promo\u00adtion\u00adspro\u00adjekte mit gro\u00dfem technol\u00ado\u00adgis\u00adchen Anwen\u00addungspoten\u00adzial in einer noch fr\u00fchen, forschungsin\u00adten\u00adsiven&nbsp;Phase.&nbsp;<\/span><\/p>\n<p class=\"paragraph\"><span class=\"font-size-m\">Die Graduierten\u00adschule erstreckt sich \u00fcber ganz Baden-W\u00fcrttemberg, um ein Netzw\u00aderk exzel\u00adlen\u00adter junger Talente in den Quanten\u00adwis\u00adsenschaften und \u2011technolo\u00adgien aufzubauen. Sie sollen vorbere\u00aditet werden auf eine Karriere in Wissen\u00adschaft oder Wirtschaft und als Br\u00fcck\u00aden\u00adbauer dazwischen.<\/span><\/p>\n<p><span class=\"font-size-m\">Bei Fragen zur Graduierten\u00adschule k\u00f6nnen Sie sich direkt an das IQST wenden:<\/span><\/p>\n<p><span class=\"font-weight-l\"><a class=\"button button--solid-black \" href=\"mailto:gradschool-application@iqst.org\" target=\"_self\" rel=\"noopener\" data-id>Kontakt IQST<\/a><\/span>[\/module_parallax_text_image][\/vc_column][\/vc_row][vc_row css_animation=\u201cfadeInUp\u201d][vc_column][module_accordion inverted_content=\u201cbright\u201d trigger_titel_styling=\u201ctrue\u201d trigger_titel_font_size=\u201cfont-size\u2011l\u201d trigger_titel_font_weight=\u201cfont-weight\u2011l\u201d trigger_titel_font_color=\u201cfont-color-dark\u201d trigger_marker=\u201cangle\u201d trigger_position=\u201cright\u201d spacebefore=\u201cspacebefore-none\u201d spaceafter=\u201cspaceafter\u2011m\u201d indentbefore=\u201cindentbefore-xs\u201d indentafter=\u201cindentafter-xs\u201d bgcolor=\u201cbg-color-gray\u201d module_effect=\u201ceffect-media\u201d trigger_titel=\u201cStruktur der Promotionsprojekte\u201d]<\/p>\n<p class=\"paragraph\"><span class=\"font-size-s\" style=\"font-size: 35px;\">Promo\u00adtion\u00adspro\u00adjekte sind im Rahmen der Graduierten\u00adschule gem\u00e4\u00df folgen\u00adder Gleichung aufgebaut:<\/span><\/p>\n<p><span class=\"font-weight-l font-size-s\">1 Promo\u00adtion\u00adspro\u00adjekt = 1 wissenschaftlicher Partner + 1 Indus\u00adtriepart\u00adner + 1 promovierende Person<\/span><\/p>\n<p><span class=\"font-size-s\">Dabei sind folgende Voraus\u00adset\u00adzun\u00adgen zu beachten:<\/span><\/p>\n<ul>\n<li><span class=\"font-size-s\">Der wissenschaftliche Partner ist die Betreu\u00adungsper\u00adson, eine pr\u00fcfungs\u00adberechtigte Lehrkraft an einer baden-w\u00fcrttembergischen Univer\u00adsit\u00e4t und Fellow am&nbsp;IQST.<\/span><\/li>\n<li><span class=\"font-size-s\">Der Indus\u00adtriepart\u00adner arbeitet bei einem baden-w\u00fcrttembergischen Unternehmen und \u00fcbern\u00adimmt eine mento\u00adri\u00aderende Rolle f\u00fcr die promovierende Person, verant\u00adwortet regelm\u00e4\u00dfi\u00adgen Austausch, bringt unternehmen\u00adsrel\u00ade\u00advante Aspekte in das Projekt ein und er\u00f6ffnet Unter\u00adst\u00fctzung seitens des Unternehmens.<\/span><\/li>\n<li><span class=\"font-size-s\">Die promovierende Person ist an einer Univer\u00adsit\u00e4t oder Forschung\u00adsein\u00adrich\u00adtung in Baden-W\u00fcrttemberg angestellt.<\/span><\/li>\n<li><span class=\"font-size-s\">Die promovierende Person f\u00fchrt f\u00fcr mindestens drei Monate (gerne l\u00e4nger) ein Praktikum bei dem kooperieren\u00adden Unternehmen durch.<\/span><\/li>\n<\/ul>\n<p><span class=\"font-size-s\">Wonach wir suchen:<\/span><\/p>\n<ul>\n<li><span class=\"font-size-s\">Ein wissenschaftlich inter\u00ades\u00adsantes Forschungs\u00adthema mit hohem technol\u00ado\u00adgis\u00adchen Potenzial<\/span><\/li>\n<li><span class=\"font-size-s\">Ein Projekt, das von allen Beteiligten gleicher\u00adma\u00dfen entwor\u00adfen und durchge\u00adf\u00fchrt&nbsp;wird<\/span><\/li>\n<li><span class=\"font-size-s\">Engage\u00adment f\u00fcr das gesamte Projekt von allen Seiten sowie die Verpflich\u00adtung zur wissenschaftlichen Publika\u00adtion gem\u00e4\u00df den Richtlin\u00adien der betreuen\u00adden Universit\u00e4t<\/span><\/li>\n<\/ul>\n<p>[\/module_accordion][\/vc_column][\/vc_row][vc_row css_animation=\u201cfadeInUp\u201d][vc_column][module_accordion inverted_content=\u201cbright\u201d trigger_titel_styling=\u201ctrue\u201d trigger_titel_font_size=\u201cfont-size\u2011l\u201d trigger_titel_font_weight=\u201cfont-weight\u2011l\u201d trigger_titel_font_color=\u201cfont-color-dark\u201d trigger_marker=\u201cangle\u201d trigger_position=\u201cright\u201d spacebefore=\u201cspacebefore-none\u201d spaceafter=\u201cspaceafter\u2011m\u201d indentbefore=\u201cindentbefore-xs\u201d indentafter=\u201cindentafter-xs\u201d bgcolor=\u201cbg-color-gray\u201d module_effect=\u201ceffect-media\u201d trigger_titel=\u201cF\u00f6rderrichtlinien\u201d]<\/p>\n<h3><span class=\"font-weight-l font-size-s\">F\u00f6rderung<\/span><\/h3>\n<p><span class=\"font-size-s\">F\u00fcr bis zu vier Jahre gew\u00e4hren wir:<\/span><\/p>\n<ul>\n<li><span class=\"font-size-s\">Eine Promo\u00adtion\u00adsstelle (entsprechend den DFG-Vorgaben und dem \u00fcblichen Prozentsatz der jeweili\u00adgen Disziplin)<\/span><\/li>\n<li><span class=\"font-size-s\">20.000 \u20ac j\u00e4hrlich f\u00fcr Sachmittel<\/span><\/li>\n<\/ul>\n<p><span class=\"font-size-s\">Wir erwarten die Zuweisung der Promo\u00adtion\u00adsstelle inner\u00adhalb von sechs Monate nach Bewilligung.<\/span><\/p>\n<h3><span class=\"font-weight-l font-size-s\">Verpflich\u00adtung des wissenschaftlichen Partners<\/span><\/h3>\n<ul>\n<li><span class=\"font-size-s\">Die betreuende Person ist IQST-Fellow oder steht im Bewer\u00adbung\u00adsprozess daf\u00fcr<\/span><\/li>\n<li><span class=\"font-size-s\">Aktive Teilnahme der betreuen\u00adden und promovieren\u00adden Perso\u00adnen an IQST-Events<\/span><\/li>\n<\/ul>\n<h3><span class=\"font-weight-l font-size-s\">Verpflich\u00adtung des Indus\u00adtriepart\u00adners (abh\u00e4ngig vom jeweili\u00adgen Projekt)<\/span><\/h3>\n<ul>\n<li><span class=\"font-size-s\">Kontinuier\u00adliches Mentor\u00ading und kontinuier\u00adliche Betreuung<\/span><\/li>\n<li><span class=\"font-size-s\">Zugang zu Infra\u00adstruk\u00adtur und Lernprogrammen<\/span><\/li>\n<li><span class=\"font-size-s\">Bereit\u00adstel\u00adlung von Equipment<\/span><\/li>\n<li><span class=\"font-size-s\">Projek\u00adt\u00adspez\u00adi\u00adfis\u00adche Teilhabem\u00f6glichkeiten<\/span><\/li>\n<\/ul>\n<h3><span class=\"font-weight-l font-size-s\">Bewer\u00adtungskri\u00adte\u00adrien<\/span><\/h3>\n<p><span class=\"font-size-s\">Was in jedem Fall&nbsp;z\u00e4hlt:<\/span><\/p>\n<ul>\n<li><span class=\"font-size-s\">Innov\u00ada\u00adtive, voraus\u00adge\u00adhende Ideen und Themen in den Quanten\u00adwis\u00adsenschaften und \u2011technolo\u00adgien<\/span><\/li>\n<li><span class=\"font-size-s\">Wissenschaftliche Exzel\u00adlenz<\/span><\/li>\n<li><span class=\"font-size-s\">Signifikan\u00adter Anwendungsmehrwert<\/span><\/li>\n<li><span class=\"font-size-s\">Strate\u00adgis\u00adche Relevanz f\u00fcr das Quanten\u00f6kosys\u00adtem Baden-W\u00fcrttemberg<\/span><\/li>\n<li><span class=\"font-size-s\">Inten\u00adsit\u00e4t und Mehrw\u00adert durch die Zusam\u00adme\u00adnar\u00adbeit zwischen Wissen\u00adschaft und Industrie<\/span><\/li>\n<li><span class=\"font-size-s\">Erweit\u00adertes Engage\u00adment und Unter\u00adst\u00fctzung durch den Industriepartner<\/span><\/li>\n<\/ul>\n<p><span class=\"font-size-s\">Was nicht notwendig ist, aber w\u00fcnschenswert:<\/span><\/p>\n<ul>\n<li><span class=\"font-size-s\">Neue Kooper\u00ada\u00adtio\u00adnen zwischen Unternehmen und wissenschaftlichen Einrichtungen<\/span><\/li>\n<li><span class=\"font-size-s\">Individu\u00adelle kreative Elemente: eine unkon\u00adven\u00adtionelle Idee, die nicht viel Zeit oder Geld kostet, das Projekt aber zu etwas Beson\u00adderem macht und ihm weit au\u00dfer\u00adhalb des direk\u00adten Umkreises zu Bekan\u00adntheit verhilft\u2026<\/span><\/li>\n<\/ul>\n<p>[\/module_accordion][\/vc_column][\/vc_row][vc_row css_animation=\u201cnone\u201d][vc_column][module_free_text spacebefore=\u201cspacebefore\u2011m\u201d spaceafter=\u201cspaceafter\u2011m\u201d indentbefore=\u201cindentbefore-xs\u201d indentafter=\u201cindentafter-xs\u201d bgcolor=\u201d\u201d moduleeffect=\u201ceffect-media\u201d]<\/p>\n<h2><span class=\"font-size-l font-weight-l\">Weitere Infor\u00adma\u00adtio\u00adnen<\/span><\/h2>\n<p>[\/module_free_text][\/vc_column][\/vc_row][vc_row css_animation=\u201cnone\u201d][vc_column]<\/p><section class=\"module module-teaser-swiper effect-media \">    <div class=\"module__outer\" id>        <div class=\"module__outer__inner spacebefore-none spaceafter-m indentbefore-xs indentafter-xs\">            <div class=\"module-slidex default \" data-opt-loop=\"true\" data-opt-autoplay data-opt-freemode data-opt-navigation data-opt-pagination data-opt-origin data-opt-perview=\"3\" data-opt-duration data-opt-rendermode=\"precision\" data-opt-breakpointsm=\"{&quot;slides&quot;:{&quot;perView&quot;: 1.25, &quot;spacing&quot;: 40}}\" data-opt-breakpointmd=\"{&quot;slides&quot;:{&quot;perView&quot;: 2.25, &quot;spacing&quot;: 40}}\" data-opt-breakpointlg=\"{&quot;slides&quot;:{&quot;perView&quot;: 3, &quot;spacing&quot;: 40}}\">                <div class=\"keen-slider\"><div class=\"slidex__slide\">    <div class=\"teaser-box below\">        <a class=\"teaser-box__link\" href=\"https:\/\/www.quantumbw.de\/de\/news\/iqst-graduiertenschule-quantumbw-startet\/\" target=\"_blank\" role=\"link\" aria-label=\"More about Pressemitteilung zum Start der Graduiertenschule\"><div class=\"teaser-box__link__media\"><img loading=\"lazy\" decoding=\"async\" width=\"1010\" height=\"544\" src=\"https:\/\/www.quantumbw.de\/wp-content\/uploads\/2024\/07\/csm_IQST_JanWill_2ca3bb7e31.jpg\" class=\"teaser-box__link__media__image\" alt=\"Start der IQST-Graduiertenschule @QuantumBW\" srcset=\"https:\/\/www.quantumbw.de\/wp-content\/uploads\/2024\/07\/csm_IQST_JanWill_2ca3bb7e31.jpg 1010w, https:\/\/www.quantumbw.de\/wp-content\/uploads\/2024\/07\/csm_IQST_JanWill_2ca3bb7e31-640x345.jpg 640w, https:\/\/www.quantumbw.de\/wp-content\/uploads\/2024\/07\/csm_IQST_JanWill_2ca3bb7e31-768x414.jpg 768w\" sizes=\"auto, (max-width: 1010px) 100vw, 1010px\">                <figcaption class=\"media__caption white\">\u00a9 Jan Will |&nbsp;IQST<\/figcaption>            <\/div>            <div class=\"teaser-box__link__details\">                <h3 class=\"teaser-box__link__details__headline font-size-m font-weight-l font-color-dark \">Pressemit\u00adteilung zum Start der Graduiertenschule<\/h3>            <\/div>        <\/a>    <\/div><\/div><div class=\"slidex__slide\">    <div class=\"teaser-box below\">        <a class=\"teaser-box__link\" href=\"https:\/\/www.iqst.org\/\" target=\"_blank\" role=\"link\" aria-label=\"More about Mehr \u00fcber das IQST\"><div class=\"teaser-box__link__media\"><img loading=\"lazy\" decoding=\"async\" width=\"1024\" height=\"683\" src=\"https:\/\/www.quantumbw.de\/wp-content\/uploads\/2024\/01\/Neubau-Ulm.jpg\" class=\"teaser-box__link__media__image\" alt=\"Zentrum f\u00fcr Quanten- und Biowissenschaften ZQB an der Universit\u00e4t Ulm | \u00a9 Universit\u00e4t Ulm\" srcset=\"https:\/\/www.quantumbw.de\/wp-content\/uploads\/2024\/01\/Neubau-Ulm.jpg 1024w, https:\/\/www.quantumbw.de\/wp-content\/uploads\/2024\/01\/Neubau-Ulm-640x427.jpg 640w, https:\/\/www.quantumbw.de\/wp-content\/uploads\/2024\/01\/Neubau-Ulm-768x512.jpg 768w\" sizes=\"auto, (max-width: 1024px) 100vw, 1024px\">                <figcaption class=\"media__caption white\">\u00a9 Univer\u00adsit\u00e4t&nbsp;Ulm<\/figcaption>            <\/div>            <div class=\"teaser-box__link__details\">                <h3 class=\"teaser-box__link__details__headline font-size-m font-weight-l font-color-dark \">Mehr \u00fcber das&nbsp;IQST<\/h3>            <\/div>        <\/a>    <\/div><\/div><div class=\"slidex__slide\">    <div class=\"teaser-box below\">        <a class=\"teaser-box__link\" href=\"https:\/\/www.thelaend.de\/wall-of-opportunities\/\" target=\"_blank\" role=\"link\" aria-label=\"More about The L\u00c4ND Wall of Opportunities\"><div class=\"teaser-box__link__media\"><img loading=\"lazy\" decoding=\"async\" width=\"1536\" height=\"1024\" src=\"https:\/\/www.quantumbw.de\/wp-content\/uploads\/2024\/09\/laend_tm-store_3zu2_1920x1280_live-stage.jpg\" class=\"teaser-box__link__media__image\" alt=\"Junger Mann springt kopf\u00fcber in ein Gew\u00e4sser und wird dabei von zwei jungen t\u00e4towirten Frauen auf einem Schlauchboot beobachtet.\" srcset=\"https:\/\/www.quantumbw.de\/wp-content\/uploads\/2024\/09\/laend_tm-store_3zu2_1920x1280_live-stage.jpg 1536w, https:\/\/www.quantumbw.de\/wp-content\/uploads\/2024\/09\/laend_tm-store_3zu2_1920x1280_live-stage-640x427.jpg 640w, https:\/\/www.quantumbw.de\/wp-content\/uploads\/2024\/09\/laend_tm-store_3zu2_1920x1280_live-stage-1024x683.jpg 1024w, https:\/\/www.quantumbw.de\/wp-content\/uploads\/2024\/09\/laend_tm-store_3zu2_1920x1280_live-stage-768x512.jpg 768w, https:\/\/www.quantumbw.de\/wp-content\/uploads\/2024\/09\/laend_tm-store_3zu2_1920x1280_live-stage-1400x933.jpg 1400w\" sizes=\"auto, (max-width: 1536px) 100vw, 1536px\">                <figcaption class=\"media__caption white\">\u00a9 The&nbsp;L\u00c4ND<\/figcaption>            <\/div>            <div class=\"teaser-box__link__details\">                <h3 class=\"teaser-box__link__details__headline font-size-m font-weight-l font-color-dark \">The L\u00c4ND Wall of Opportunities<\/h3>            <\/div>        <\/a>    <\/div><\/div>                <\/div>            <\/div>        <\/div>    <\/div><\/section>[\/vc_column][\/vc_row]\n<\/div>","protected":false},"excerpt":{"rendered":"[vc_row][vc_column][module_parallax_hero_image module_ratio=\u201cvh-wo-header\u201d position=\u201cbottom-left\u201d spacebefore=\u201cspacebefore-none\u201d spaceafter=\u201cspaceafter\u2011m\u201d indentbefore=\u201cindentbefore-none\u201d indentafter=\u201cindentafter-none\u201d bgcolor=\u201d\u201d module_effect=\u201ceffect-media\u201d image=\u201c2156\u201d] F\u00f6rderung von Promo\u00adtion\u00adspro\u00adjek\u00adten zwischen Forschung und Anwen\u00addung IQST-Graduiertenschule @QuantumBW [\/module_parallax_hero_image][\/vc_column][\/vc_row][vc_row css_animation=\u201cfadeInUp\u201d][vc_column][module_free_text spacebefore=\u201cspacebefore-none\u201d spaceafter=\u201cspaceafter\u2011m\u201d indentbefore=\u201cindentbefore-xs\u201d indentafter=\u201cindentafter-xs\u201d bgcolor=\u201d\u201d moduleeffect=\u201ceffect-media\u201d] F\u00f6rderung von Promo\u00adtion\u00adspro\u00adjek\u00adten zwischen Forschung und Anwen\u00addung IQST-Graduiertenschule @QuantumBW [\/module_free_text][\/vc_column][\/vc_row][vc_row css_animation=\u201cfadeInUp\u201d][vc_column][module_free_text spacebefore=\u201cspacebefore-none\u201d spaceafter=\u201cspaceafter\u2011s\u201d indentbefore=\u201cindentbefore-xs\u201d indentafter=\u201cindentafter-xs\u201d bgcolor=\u201d\u201d moduleeffect=\u201ceffect-media\u201d] Im Rahmen der Innova\u00adtion\u00adsini\u00adtia\u00adtive QuantumBW bietet das Center for Integrated Quantum&nbsp;[\u2026]","protected":false},"author":8,"featured_media":2156,"parent":2127,"menu_order":0,"comment_status":"closed","ping_status":"closed","template":"","meta":{"_acf_changed":false,"inline_featured_image":false,"wp_typography_post_enhancements_disabled":false,"footnotes":""},"class_list":["post-3306","page","type-page","status-publish","has-post-thumbnail","hentry"],"acf":[],"_links":{"self":[{"href":"https:\/\/www.quantumbw.de\/de\/wp-json\/wp\/v2\/pages\/3306","targetHints":{"allow":["GET"]}}],"collection":[{"href":"https:\/\/www.quantumbw.de\/de\/wp-json\/wp\/v2\/pages"}],"about":[{"href":"https:\/\/www.quantumbw.de\/de\/wp-json\/wp\/v2\/types\/page"}],"author":[{"embeddable":true,"href":"https:\/\/www.quantumbw.de\/de\/wp-json\/wp\/v2\/users\/8"}],"replies":[{"embeddable":true,"href":"https:\/\/www.quantumbw.de\/de\/wp-json\/wp\/v2\/comments?post=3306"}],"version-history":[{"count":26,"href":"https:\/\/www.quantumbw.de\/de\/wp-json\/wp\/v2\/pages\/3306\/revisions"}],"predecessor-version":[{"id":3773,"href":"https:\/\/www.quantumbw.de\/de\/wp-json\/wp\/v2\/pages\/3306\/revisions\/3773"}],"up":[{"embeddable":true,"href":"https:\/\/www.quantumbw.de\/de\/wp-json\/wp\/v2\/pages\/2127"}],"wp:featuredmedia":[{"embeddable":true,"href":"https:\/\/www.quantumbw.de\/de\/wp-json\/wp\/v2\/media\/2156"}],"wp:attachment":[{"href":"https:\/\/www.quantumbw.de\/de\/wp-json\/wp\/v2\/media?parent=3306"}],"curies":[{"name":"wp","href":"https:\/\/api.w.org\/{rel}","templated":true}]}}